{"id":3114,"date":"2024-03-21T21:09:50","date_gmt":"2024-03-21T18:09:50","guid":{"rendered":"https:\/\/premiumtaxi.ee\/?page_id=3114"},"modified":"2024-03-21T21:12:26","modified_gmt":"2024-03-21T18:12:26","slug":"tourorder","status":"publish","type":"page","link":"https:\/\/premiumtaxi.ee\/en\/tourorder\/","title":{"rendered":"Order Your tour"},"content":{"rendered":"\t\t<div data-elementor-type=\"wp-page\" data-elementor-id=\"3114\" class=\"elementor elementor-3114\">\n\t\t\t\t\t\t<section class=\"elementor-section elementor-top-section elementor-element elementor-element-486db2d elementor-section-height-min-height elementor-section-boxed elementor-section-height-default elementor-section-items-middle\" data-id=\"486db2d\" data-element_type=\"section\" data-e-type=\"section\" data-settings=\"{&quot;background_background&quot;:&quot;classic&quot;}\">\n\t\t\t\t\t\t\t<div class=\"elementor-background-overlay\"><\/div>\n\t\t\t\t\t\t\t<div class=\"elementor-container elementor-column-gap-no\">\n\t\t\t\t\t<div class=\"elementor-column elementor-col-100 elementor-top-column elementor-element elementor-element-b92903e\" data-id=\"b92903e\" data-element_type=\"column\" data-e-type=\"column\">\n\t\t\t<div class=\"elementor-widget-wrap elementor-element-populated\">\n\t\t\t\t\t\t<section class=\"elementor-section elementor-inner-section elementor-element elementor-element-6b38473 elementor-section-boxed elementor-section-height-default elementor-section-height-default\" data-id=\"6b38473\" data-element_type=\"section\" data-e-type=\"section\">\n\t\t\t\t\t\t<div class=\"elementor-container elementor-column-gap-no\">\n\t\t\t\t\t<div class=\"elementor-column elementor-col-100 elementor-inner-column elementor-element elementor-element-bbd1f2d\" data-id=\"bbd1f2d\" data-element_type=\"column\" data-e-type=\"column\">\n\t\t\t<div class=\"elementor-widget-wrap elementor-element-populated\">\n\t\t\t\t\t\t<div class=\"elementor-element elementor-element-4591dd2 elementor-widget__width-inherit elementor-widget elementor-widget-heading\" data-id=\"4591dd2\" data-element_type=\"widget\" data-e-type=\"widget\" data-widget_type=\"heading.default\">\n\t\t\t\t<div class=\"elementor-widget-container\">\n\t\t\t\t\t<h2 class=\"elementor-heading-title elementor-size-xxl\">Kirjutage meile<\/h2>\t\t\t\t<\/div>\n\t\t\t\t<\/div>\n\t\t\t\t\t<\/div>\n\t\t<\/div>\n\t\t\t\t\t<\/div>\n\t\t<\/section>\n\t\t\t\t<section class=\"elementor-section elementor-inner-section elementor-element elementor-element-8f8a06e elementor-section-boxed elementor-section-height-default elementor-section-height-default\" data-id=\"8f8a06e\" data-element_type=\"section\" data-e-type=\"section\">\n\t\t\t\t\t\t<div class=\"elementor-container elementor-column-gap-no\">\n\t\t\t\t\t<div class=\"elementor-column elementor-col-100 elementor-inner-column elementor-element elementor-element-62b8115\" data-id=\"62b8115\" data-element_type=\"column\" data-e-type=\"column\">\n\t\t\t<div class=\"elementor-widget-wrap elementor-element-populated\">\n\t\t\t\t\t\t\t<\/div>\n\t\t<\/div>\n\t\t\t\t\t<\/div>\n\t\t<\/section>\n\t\t\t\t\t<\/div>\n\t\t<\/div>\n\t\t\t\t\t<\/div>\n\t\t<\/section>\n\t\t\t\t<section class=\"elementor-section elementor-top-section elementor-element elementor-element-cbc2f61 elementor-section-boxed elementor-section-height-default elementor-section-height-default\" data-id=\"cbc2f61\" data-element_type=\"section\" data-e-type=\"section\" data-settings=\"{&quot;background_background&quot;:&quot;classic&quot;}\">\n\t\t\t\t\t\t\t<div class=\"elementor-background-overlay\"><\/div>\n\t\t\t\t\t\t\t<div class=\"elementor-container elementor-column-gap-no\">\n\t\t\t\t\t<div class=\"elementor-column elementor-col-100 elementor-top-column elementor-element elementor-element-e498eb5\" data-id=\"e498eb5\" data-element_type=\"column\" data-e-type=\"column\">\n\t\t\t<div class=\"elementor-widget-wrap elementor-element-populated\">\n\t\t\t\t\t\t<section class=\"elementor-section elementor-inner-section elementor-element elementor-element-61c16c9 elementor-section-full_width elementor-section-height-min-height elementor-section-height-default\" data-id=\"61c16c9\" data-element_type=\"section\" data-e-type=\"section\">\n\t\t\t\t\t\t<div class=\"elementor-container elementor-column-gap-no\">\n\t\t\t\t\t<div class=\"elementor-column elementor-col-100 elementor-inner-column elementor-element elementor-element-98c56e3\" data-id=\"98c56e3\" data-element_type=\"column\" data-e-type=\"column\">\n\t\t\t<div class=\"elementor-widget-wrap elementor-element-populated\">\n\t\t\t\t\t\t<div class=\"elementor-element elementor-element-f8ec945 elementor-widget elementor-widget-text-editor\" data-id=\"f8ec945\" data-element_type=\"widget\" data-e-type=\"widget\" data-widget_type=\"text-editor.default\">\n\t\t\t\t<div class=\"elementor-widget-container\">\n\t\t\t\t\t\t\t\t\t<p>\u00a0<\/p><p><span style=\"color: #1e1810; font-family: Vollkorn, serif; font-size: 15px; font-weight: bold; white-space: pre-wrap;\">Teil <\/span><span style=\"font-weight: bold; color: #1e1810; font-family: Vollkorn, serif; font-size: 15px; white-space: pre-wrap;\">on k\u00fcsimusi, soovitusi v\u00f5i ettepanekuid? <\/span><\/p>\t\t\t\t\t\t\t\t<\/div>\n\t\t\t\t<\/div>\n\t\t\t\t<div class=\"elementor-element elementor-element-0165768 elementor-widget elementor-widget-heading\" data-id=\"0165768\" data-element_type=\"widget\" data-e-type=\"widget\" data-widget_type=\"heading.default\">\n\t\t\t\t<div class=\"elementor-widget-container\">\n\t\t\t\t\t<h2 class=\"elementor-heading-title elementor-size-xl\">V\u00f5tke julgelt meiega \u00fchendust ning me leiame Teile parima lahenduse.<\/h2>\t\t\t\t<\/div>\n\t\t\t\t<\/div>\n\t\t\t\t\t<\/div>\n\t\t<\/div>\n\t\t\t\t\t<\/div>\n\t\t<\/section>\n\t\t\t\t<section class=\"elementor-section elementor-inner-section elementor-element elementor-element-2b25d9e elementor-section-boxed elementor-section-height-default elementor-section-height-default\" data-id=\"2b25d9e\" data-element_type=\"section\" data-e-type=\"section\">\n\t\t\t\t\t\t<div class=\"elementor-container elementor-column-gap-no\">\n\t\t\t\t\t<div class=\"elementor-column elementor-col-100 elementor-inner-column elementor-element elementor-element-16bede5\" data-id=\"16bede5\" data-element_type=\"column\" data-e-type=\"column\">\n\t\t\t<div class=\"elementor-widget-wrap elementor-element-populated\">\n\t\t\t\t\t\t<div class=\"elementor-element elementor-element-0652fae elementor-widget-divider--view-line elementor-widget elementor-widget-divider\" data-id=\"0652fae\" data-element_type=\"widget\" data-e-type=\"widget\" data-widget_type=\"divider.default\">\n\t\t\t\t<div class=\"elementor-widget-container\">\n\t\t\t\t\t\t\t<div class=\"elementor-divider\">\n\t\t\t<span class=\"elementor-divider-separator\">\n\t\t\t\t\t\t<\/span>\n\t\t<\/div>\n\t\t\t\t\t\t<\/div>\n\t\t\t\t<\/div>\n\t\t\t\t<div class=\"elementor-element elementor-element-2a89d87 elementor-widget elementor-widget-heading\" data-id=\"2a89d87\" data-element_type=\"widget\" data-e-type=\"widget\" data-widget_type=\"heading.default\">\n\t\t\t\t<div class=\"elementor-widget-container\">\n\t\t\t\t\t<h3 class=\"elementor-heading-title elementor-size-default\">Saatke meile kiri<\/h3>\t\t\t\t<\/div>\n\t\t\t\t<\/div>\n\t\t\t\t<div class=\"elementor-element elementor-element-ee4f969 elementor-widget elementor-widget-wpforms\" data-id=\"ee4f969\" data-element_type=\"widget\" data-e-type=\"widget\" data-widget_type=\"wpforms.default\">\n\t\t\t\t<div class=\"elementor-widget-container\">\n\t\t\t\t\t<div class=\"wpforms-container \" id=\"wpforms-3102\"><form id=\"wpforms-form-3102\" class=\"wpforms-validate wpforms-form wpforms-ajax-form\" data-formid=\"3102\" method=\"post\" enctype=\"multipart\/form-data\" action=\"\/en\/wp-json\/wp\/v2\/pages\/3114\" data-token=\"ebae19b389f718cb7c813708bcd3f738\" data-token-time=\"1776954052\"><noscript class=\"wpforms-error-noscript\">Please enable JavaScript in your browser to complete this form.<\/noscript><div class=\"wpforms-field-container\"><div id=\"wpforms-3102-field_18-container\" class=\"wpforms-field wpforms-field-text\" data-field-id=\"18\"><label class=\"wpforms-field-label\" for=\"wpforms-3102-field_18\">Tuuri kuup\u00e4ev ja kellaaeg <span class=\"wpforms-required-label\">*<\/span><\/label><input type=\"text\" id=\"wpforms-3102-field_18\" class=\"wpforms-field-medium wpforms-field-required\" name=\"wpforms[fields][18]\" placeholder=\"Sisestage s\u00f5idu kuup\u00e4ev ja v\u00e4ljas\u00f5idu kellaaeg\" required><\/div><div id=\"wpforms-3102-field_43-container\" class=\"wpforms-field wpforms-field-radio\" data-field-id=\"43\"><label class=\"wpforms-field-label\">Valige tuur v\u00f5i t\u00e4itke j\u00e4rgnevad punktid<\/label><ul id=\"wpforms-3102-field_43\"><li class=\"choice-1 depth-1\"><input type=\"radio\" id=\"wpforms-3102-field_43_1\" name=\"wpforms[fields][43]\" value=\"Tuur 1 - Tallinn-J\u00e4gala-Tallinn\"  ><label class=\"wpforms-field-label-inline\" for=\"wpforms-3102-field_43_1\">Tuur 1 - Tallinn-J\u00e4gala-Tallinn<\/label><\/li><li class=\"choice-2 depth-1\"><input type=\"radio\" id=\"wpforms-3102-field_43_2\" name=\"wpforms[fields][43]\" value=\"Tuur 2  - Tallinn - Laulasmaa (- Tallinn\"  ><label class=\"wpforms-field-label-inline\" for=\"wpforms-3102-field_43_2\">Tuur 2  - Tallinn - Laulasmaa (- Tallinn<\/label><\/li><li class=\"choice-3 depth-1\"><input type=\"radio\" id=\"wpforms-3102-field_43_3\" name=\"wpforms[fields][43]\" value=\"Tuur 3 - Tallinn - Viimsi - Tallinn\"  ><label class=\"wpforms-field-label-inline\" for=\"wpforms-3102-field_43_3\">Tuur 3 - Tallinn - Viimsi - Tallinn<\/label><\/li><\/ul><\/div><div id=\"wpforms-3102-field_16-container\" class=\"wpforms-field wpforms-field-text\" data-field-id=\"16\"><label class=\"wpforms-field-label\" for=\"wpforms-3102-field_16\">Tuuri alguspunkt <span class=\"wpforms-required-label\">*<\/span><\/label><input type=\"text\" id=\"wpforms-3102-field_16\" class=\"wpforms-field-medium wpforms-field-required\" name=\"wpforms[fields][16]\" placeholder=\"Sisestage s\u00f5idu alguspunkt\" required><\/div><div id=\"wpforms-3102-field_30-container\" class=\"wpforms-field wpforms-field-text\" data-field-id=\"30\"><label class=\"wpforms-field-label\" for=\"wpforms-3102-field_30\">Planeeritud tuuri kestus<\/label><input type=\"text\" id=\"wpforms-3102-field_30\" class=\"wpforms-field-medium\" name=\"wpforms[fields][30]\" placeholder=\"Sisestage mis kellaks olete planeerinud j\u00f5uda sihtkohta\" ><\/div><div id=\"wpforms-3102-field_17-container\" class=\"wpforms-field wpforms-field-text\" data-field-id=\"17\"><label class=\"wpforms-field-label\" for=\"wpforms-3102-field_17\">Tuuri l\u00f5pp sihtkoht <span class=\"wpforms-required-label\">*<\/span><\/label><input type=\"text\" id=\"wpforms-3102-field_17\" class=\"wpforms-field-medium wpforms-field-required\" name=\"wpforms[fields][17]\" placeholder=\"Sisestage s\u00f5idu sihtkoht\" required><\/div><div id=\"wpforms-3102-field_15-container\" class=\"wpforms-field wpforms-field-number\" data-field-id=\"15\"><label class=\"wpforms-field-label\" for=\"wpforms-3102-field_15\">Grupi suurus <span class=\"wpforms-required-label\">*<\/span><\/label><input type=\"number\" id=\"wpforms-3102-field_15\" class=\"wpforms-field-medium wpforms-field-required\" name=\"wpforms[fields][15]\" placeholder=\"Sisestage grupi suurus\" step=\"any\" required><\/div><div id=\"wpforms-3102-field_42-container\" class=\"wpforms-field wpforms-field-select wpforms-field-select-style-classic\" data-field-id=\"42\"><label class=\"wpforms-field-label\" for=\"wpforms-3102-field_42\">Palun \u00f6elge meile milline on teie grupp<\/label><select id=\"wpforms-3102-field_42\" class=\"wpforms-field-medium\" name=\"wpforms[fields][42]\"><option value=\"\" class=\"placeholder\" disabled  selected='selected'>Valige kas Jah v\u00f5i Ei<\/option><option value=\"Meiega koos on lapsed\"  class=\"choice-1 depth-1\"  >Meiega koos on lapsed<\/option><option value=\"Oleme sportlikud\"  class=\"choice-2 depth-1\"  >Oleme sportlikud<\/option><option value=\"Valdavalt mehed\"  class=\"choice-4 depth-1\"  >Valdavalt mehed<\/option><option value=\"Valdavalt naised\"  class=\"choice-8 depth-1\"  >Valdavalt naised<\/option><option value=\"Oleme noored\"  class=\"choice-9 depth-1\"  >Oleme noored<\/option><option value=\"Oleme keskealised\"  class=\"choice-10 depth-1\"  >Oleme keskealised<\/option><option value=\"Oleme aktiivsed pension\u00e4rid\"  class=\"choice-11 depth-1\"  >Oleme aktiivsed pension\u00e4rid<\/option><option value=\"Meie vanus ei luba pikki jalutusk\u00e4ike\"  class=\"choice-12 depth-1\"  >Meie vanus ei luba pikki jalutusk\u00e4ike<\/option><option value=\"Muu\"  class=\"choice-3 depth-1\"  >Muu<\/option><\/select><\/div><div id=\"wpforms-3102-field_39-container\" class=\"wpforms-field wpforms-field-text\" data-field-id=\"39\"><label class=\"wpforms-field-label\" for=\"wpforms-3102-field_39\">Teie emakeel<\/label><input type=\"text\" id=\"wpforms-3102-field_39\" class=\"wpforms-field-medium\" name=\"wpforms[fields][39]\" placeholder=\"Sisestage enda emakeel, siis teame mis keeles materjale ootate\" ><\/div><div id=\"wpforms-3102-field_12-container\" class=\"wpforms-field wpforms-field-select wpforms-field-select-style-classic\" data-field-id=\"12\"><label class=\"wpforms-field-label\" for=\"wpforms-3102-field_12\">Kas soovite lisaks autojuhile meie poolset tuuri juhti (eesti ja inglise keelne)? <\/label><select id=\"wpforms-3102-field_12\" class=\"wpforms-field-medium\" name=\"wpforms[fields][12]\"><option value=\"\" class=\"placeholder\" disabled  selected='selected'>Valige kas Jah v\u00f5i Ei<\/option><option value=\"Jah, on vaja \"  class=\"choice-1 depth-1\"  >Jah, on vaja<\/option><option value=\"Ei ole vaja\"  class=\"choice-2 depth-1\"  >Ei ole vaja<\/option><option value=\"Muu\"  class=\"choice-3 depth-1\"  >Muu<\/option><\/select><\/div><div id=\"wpforms-3102-field_38-container\" class=\"wpforms-field wpforms-field-select wpforms-field-select-style-classic\" data-field-id=\"38\"><label class=\"wpforms-field-label\" for=\"wpforms-3102-field_38\">Kas soovite tutvuda rahvuslike maitsetega?<\/label><select id=\"wpforms-3102-field_38\" class=\"wpforms-field-medium\" name=\"wpforms[fields][38]\"><option value=\"\" class=\"placeholder\" disabled  selected='selected'>Valige kas Jah v\u00f5i Ei<\/option><option value=\"Jah, muidugi sooviks\"  class=\"choice-1 depth-1\"  >Jah, muidugi sooviks<\/option><option value=\"Ei ole vaja\"  class=\"choice-2 depth-1\"  >Ei ole vaja<\/option><option value=\"Muu\"  class=\"choice-3 depth-1\"  >Muu<\/option><\/select><\/div><div id=\"wpforms-3102-field_7-container\" class=\"wpforms-field wpforms-field-textarea\" data-field-id=\"7\"><label class=\"wpforms-field-label\" for=\"wpforms-3102-field_7\">Lisainfo<\/label><textarea id=\"wpforms-3102-field_7\" class=\"wpforms-field-medium\" name=\"wpforms[fields][7]\" placeholder=\"Vajadusel sisestage lisainfo\" ><\/textarea><\/div><div id=\"wpforms-3102-field_31-container\" class=\"wpforms-field wpforms-field-text\" data-field-id=\"31\"><label class=\"wpforms-field-label\" for=\"wpforms-3102-field_31\">Teie andmed <span class=\"wpforms-required-label\">*<\/span><\/label><input type=\"text\" id=\"wpforms-3102-field_31\" class=\"wpforms-field-medium wpforms-field-required\" name=\"wpforms[fields][31]\" placeholder=\"Teie ees- ja perekonnanimi\" required><\/div><div id=\"wpforms-3102-field_32-container\" class=\"wpforms-field wpforms-field-text\" data-field-id=\"32\"><label class=\"wpforms-field-label wpforms-label-hide\" for=\"wpforms-3102-field_32\">Teie telefoninumber <span class=\"wpforms-required-label\">*<\/span><\/label><input type=\"text\" id=\"wpforms-3102-field_32\" class=\"wpforms-field-medium wpforms-field-required\" name=\"wpforms[fields][32]\" placeholder=\"Teie telefoninumber\" required><\/div><div id=\"wpforms-3102-field_33-container\" class=\"wpforms-field wpforms-field-text\" data-field-id=\"33\"><label class=\"wpforms-field-label wpforms-label-hide\" for=\"wpforms-3102-field_33\">Teie e-mail <span class=\"wpforms-required-label\">*<\/span><\/label><input type=\"text\" id=\"wpforms-3102-field_33\" class=\"wpforms-field-medium wpforms-field-required\" name=\"wpforms[fields][33]\" placeholder=\"Teie e-mail\" required><\/div><div id=\"wpforms-3102-field_36-container\" class=\"wpforms-field wpforms-field-select wpforms-field-select-style-classic\" data-field-id=\"36\"><label class=\"wpforms-field-label\" for=\"wpforms-3102-field_36\">Tasumise viis<\/label><select id=\"wpforms-3102-field_36\" class=\"wpforms-field-medium\" name=\"wpforms[fields][36]\"><option value=\"\" class=\"placeholder\" disabled  selected='selected'>Valige tasumise viis<\/option><option value=\"Ettemaksu arvega\"  class=\"choice-1 depth-1\"  >Ettemaksu arvega<\/option><option value=\"Pangakaardiga juhile\"  class=\"choice-2 depth-1\"  >Pangakaardiga juhile<\/option><option value=\"Sularahas juhile\"  class=\"choice-3 depth-1\"  >Sularahas juhile<\/option><option value=\"Muu\"  class=\"choice-4 depth-1\"  >Muu<\/option><\/select><\/div><div id=\"wpforms-3102-field_37-container\" class=\"wpforms-field wpforms-field-textarea\" data-field-id=\"37\"><label class=\"wpforms-field-label\" for=\"wpforms-3102-field_37\">Arveldaja andmed<\/label><textarea id=\"wpforms-3102-field_37\" class=\"wpforms-field-medium\" name=\"wpforms[fields][37]\" ><\/textarea><\/div><\/div><!-- .wpforms-field-container --><div class=\"wpforms-submit-container\" ><input type=\"hidden\" name=\"wpforms[id]\" value=\"3102\"><input type=\"hidden\" name=\"page_title\" value=\"\"><input type=\"hidden\" name=\"page_url\" value=\"https:\/\/premiumtaxi.ee\/en\/wp-json\/wp\/v2\/pages\/3114\"><input type=\"hidden\" name=\"url_referer\" value=\"\"><button type=\"submit\" name=\"wpforms[submit]\" id=\"wpforms-submit-3102\" class=\"wpforms-submit\" data-alt-text=\"Saadan...\" data-submit-text=\"Saada\" aria-live=\"assertive\" value=\"wpforms-submit\">Saada<\/button><img decoding=\"async\" src=\"https:\/\/premiumtaxi.ee\/wp-content\/plugins\/wpforms-lite\/assets\/images\/submit-spin.svg\" class=\"wpforms-submit-spinner\" style=\"display: none;\" width=\"26\" height=\"26\" alt=\"Loading\"><\/div><\/form><\/div>  <!-- .wpforms-container -->\t\t\t\t<\/div>\n\t\t\t\t<\/div>\n\t\t\t\t\t<\/div>\n\t\t<\/div>\n\t\t\t\t\t<\/div>\n\t\t<\/section>\n\t\t\t\t\t<\/div>\n\t\t<\/div>\n\t\t\t\t\t<\/div>\n\t\t<\/section>\n\t\t\t\t<section class=\"elementor-section elementor-top-section elementor-element elementor-element-6dc8259 elementor-section-boxed elementor-section-height-default elementor-section-height-default\" data-id=\"6dc8259\" data-element_type=\"section\" data-e-type=\"section\">\n\t\t\t\t\t\t<div class=\"elementor-container elementor-column-gap-default\">\n\t\t\t\t\t<div class=\"elementor-column elementor-col-100 elementor-top-column elementor-element elementor-element-6202f2f\" data-id=\"6202f2f\" data-element_type=\"column\" data-e-type=\"column\">\n\t\t\t<div class=\"elementor-widget-wrap elementor-element-populated\">\n\t\t\t\t\t\t<div class=\"elementor-element elementor-element-52242c5 elementor-widget elementor-widget-text-editor\" data-id=\"52242c5\" data-element_type=\"widget\" data-e-type=\"widget\" data-widget_type=\"text-editor.default\">\n\t\t\t\t<div class=\"elementor-widget-container\">\n\t\t\t\t\t\t\t\t\t<p style=\"text-align: center;\"><span style=\"font-style: inherit; font-weight: inherit; color: var(--ast-global-color-3); background-color: var(--ast-global-color-4);\">NB! V\u00e4ljaspool t\u00f6\u00f6aegasid (9:00-17:00) saadetud kirjadele vastame hiljemalt j\u00e4rgmise t\u00f6\u00f6p\u00e4eva hommikul. Kiirete k\u00fcsimuste korral v\u00f5ite julgesti helistada tel.&nbsp; <\/span><a href=\"tel: +372 5385 5766\" style=\"font-style: inherit; font-weight: inherit;\">+372 5385 5766<\/a><br><\/p>\t\t\t\t\t\t\t\t<\/div>\n\t\t\t\t<\/div>\n\t\t\t\t\t<\/div>\n\t\t<\/div>\n\t\t\t\t\t<\/div>\n\t\t<\/section>\n\t\t\t\t<section class=\"elementor-section elementor-top-section elementor-element elementor-element-6a51383 elementor-section-boxed elementor-section-height-default elementor-section-height-default\" data-id=\"6a51383\" data-element_type=\"section\" data-e-type=\"section\">\n\t\t\t\t\t\t<div class=\"elementor-container elementor-column-gap-default\">\n\t\t\t\t\t<div class=\"elementor-column elementor-col-100 elementor-top-column elementor-element elementor-element-18d2156\" data-id=\"18d2156\" data-element_type=\"column\" data-e-type=\"column\">\n\t\t\t<div class=\"elementor-widget-wrap elementor-element-populated\">\n\t\t\t\t\t\t<div class=\"elementor-element elementor-element-cbdfc93 elementor-widget elementor-widget-image\" data-id=\"cbdfc93\" data-element_type=\"widget\" data-e-type=\"widget\" data-widget_type=\"image.default\">\n\t\t\t\t<div class=\"elementor-widget-container\">\n\t\t\t\t\t\t\t\t\t\t\t\t\t\t\t\t<a href=\"https:\/\/premiumtaxi.ee\/kontakt\/\">\n\t\t\t\t\t\t\t<img fetchpriority=\"high\" decoding=\"async\" width=\"768\" height=\"430\" src=\"https:\/\/premiumtaxi.ee\/wp-content\/uploads\/2022\/03\/email-newsletter-email-marketing-3249062-768x430.png\" class=\"attachment-medium_large size-medium_large wp-image-782\" alt=\"Kirjad teele.jpg\" srcset=\"https:\/\/premiumtaxi.ee\/wp-content\/uploads\/2022\/03\/email-newsletter-email-marketing-3249062-768x430.png 768w, https:\/\/premiumtaxi.ee\/wp-content\/uploads\/2022\/03\/email-newsletter-email-marketing-3249062-300x168.png 300w, https:\/\/premiumtaxi.ee\/wp-content\/uploads\/2022\/03\/email-newsletter-email-marketing-3249062-1024x573.png 1024w, https:\/\/premiumtaxi.ee\/wp-content\/uploads\/2022\/03\/email-newsletter-email-marketing-3249062.png 1280w\" sizes=\"(max-width: 768px) 100vw, 768px\" \/>\t\t\t\t\t\t\t\t<\/a>\n\t\t\t\t\t\t\t\t\t\t\t\t\t\t\t<\/div>\n\t\t\t\t<\/div>\n\t\t\t\t\t<\/div>\n\t\t<\/div>\n\t\t\t\t\t<\/div>\n\t\t<\/section>\n\t\t\t\t<section class=\"elementor-section elementor-top-section elementor-element elementor-element-dc722c4 elementor-section-boxed elementor-section-height-default elementor-section-height-default\" data-id=\"dc722c4\" data-element_type=\"section\" data-e-type=\"section\">\n\t\t\t\t\t\t<div class=\"elementor-container elementor-column-gap-default\">\n\t\t\t\t\t<div class=\"elementor-column elementor-col-33 elementor-top-column elementor-element elementor-element-11424fc\" data-id=\"11424fc\" data-element_type=\"column\" data-e-type=\"column\">\n\t\t\t<div class=\"elementor-widget-wrap\">\n\t\t\t\t\t\t\t<\/div>\n\t\t<\/div>\n\t\t\t\t<div class=\"elementor-column elementor-col-33 elementor-top-column elementor-element elementor-element-23fe13d\" data-id=\"23fe13d\" data-element_type=\"column\" data-e-type=\"column\">\n\t\t\t<div class=\"elementor-widget-wrap\">\n\t\t\t\t\t\t\t<\/div>\n\t\t<\/div>\n\t\t\t\t<div class=\"elementor-column elementor-col-33 elementor-top-column elementor-element elementor-element-4ba5f8f\" data-id=\"4ba5f8f\" data-element_type=\"column\" data-e-type=\"column\">\n\t\t\t<div class=\"elementor-widget-wrap\">\n\t\t\t\t\t\t\t<\/div>\n\t\t<\/div>\n\t\t\t\t\t<\/div>\n\t\t<\/section>\n\t\t\t\t<section class=\"elementor-section elementor-top-section elementor-element elementor-element-c52fcf5 elementor-section-boxed elementor-section-height-default elementor-section-height-default\" data-id=\"c52fcf5\" data-element_type=\"section\" data-e-type=\"section\">\n\t\t\t\t\t\t<div class=\"elementor-container elementor-column-gap-default\">\n\t\t\t\t\t<div class=\"elementor-column elementor-col-100 elementor-top-column elementor-element elementor-element-7c7693e\" data-id=\"7c7693e\" data-element_type=\"column\" data-e-type=\"column\">\n\t\t\t<div class=\"elementor-widget-wrap\">\n\t\t\t\t\t\t\t<\/div>\n\t\t<\/div>\n\t\t\t\t\t<\/div>\n\t\t<\/section>\n\t\t\t\t<\/div>\n\t\t","protected":false},"excerpt":{"rendered":"<p>Kirjutage meile \u00a0 Teil on k\u00fcsimusi, soovitusi v\u00f5i ettepanekuid? V\u00f5tke julgelt meiega \u00fchendust ning me leiame Teile parima lahenduse. Saatke meile kiri Please enable JavaScript in your browser to complete this form.Tuuri kuup\u00e4ev ja kellaaeg *Tuuri alguspunkt *Kuhu suunda soovite s\u00f5ita? Tuuri l\u00f5pp sihtkoht *Planeeritud tuuri kestusReisijate arv *Teie emakeelKas soovite lisaks autojuhile meie poolset &hellip;<\/p>\n<p class=\"read-more\"> <a class=\"\" href=\"https:\/\/premiumtaxi.ee\/en\/tourorder\/\"> <span class=\"screen-reader-text\">Order Your tour<\/span> Read More &raquo;<\/a><\/p>","protected":false},"author":1,"featured_media":0,"parent":0,"menu_order":2,"comment_status":"closed","ping_status":"closed","template":"","meta":{"site-sidebar-layout":"no-sidebar","site-content-layout":"page-builder","ast-global-header-display":"","ast-main-header-display":"","ast-hfb-above-header-display":"","ast-hfb-below-header-display":"","ast-hfb-mobile-header-display":"","site-post-title":"disabled","ast-breadcrumbs-content":"disabled","ast-featured-img":"disabled","footer-sml-layout":"","theme-transparent-header-meta":"enabled","adv-header-id-meta":"","stick-header-meta":"","header-above-stick-meta":"","header-main-stick-meta":"","header-below-stick-meta":"","footnotes":""},"class_list":["post-3114","page","type-page","status-publish","hentry"],"_links":{"self":[{"href":"https:\/\/premiumtaxi.ee\/en\/wp-json\/wp\/v2\/pages\/3114","targetHints":{"allow":["GET"]}}],"collection":[{"href":"https:\/\/premiumtaxi.ee\/en\/wp-json\/wp\/v2\/pages"}],"about":[{"href":"https:\/\/premiumtaxi.ee\/en\/wp-json\/wp\/v2\/types\/page"}],"author":[{"embeddable":true,"href":"https:\/\/premiumtaxi.ee\/en\/wp-json\/wp\/v2\/users\/1"}],"replies":[{"embeddable":true,"href":"https:\/\/premiumtaxi.ee\/en\/wp-json\/wp\/v2\/comments?post=3114"}],"version-history":[{"count":4,"href":"https:\/\/premiumtaxi.ee\/en\/wp-json\/wp\/v2\/pages\/3114\/revisions"}],"predecessor-version":[{"id":3118,"href":"https:\/\/premiumtaxi.ee\/en\/wp-json\/wp\/v2\/pages\/3114\/revisions\/3118"}],"wp:attachment":[{"href":"https:\/\/premiumtaxi.ee\/en\/wp-json\/wp\/v2\/media?parent=3114"}],"curies":[{"name":"wp","href":"https:\/\/api.w.org\/{rel}","templated":true}]}}