{"id":2670,"date":"2022-11-18T18:57:07","date_gmt":"2022-11-18T15:57:07","guid":{"rendered":"https:\/\/premiumtaxi.ee\/?page_id=2670"},"modified":"2022-11-18T19:54:06","modified_gmt":"2022-11-18T16:54:06","slug":"liitu-uudiskirjaga","status":"publish","type":"page","link":"https:\/\/premiumtaxi.ee\/en\/liitu-uudiskirjaga\/","title":{"rendered":"Subscribe to the newsletter"},"content":{"rendered":"<div data-elementor-type=\"wp-page\" data-elementor-id=\"2670\" class=\"elementor elementor-2670\">\n\t\t\t\t\t\t<section class=\"elementor-section elementor-top-section elementor-element elementor-element-b77e38a elementor-section-boxed elementor-section-height-default elementor-section-height-default\" data-id=\"b77e38a\" data-element_type=\"section\" data-e-type=\"section\">\n\t\t\t\t\t\t<div class=\"elementor-container elementor-column-gap-default\">\n\t\t\t\t\t<div class=\"elementor-column elementor-col-100 elementor-top-column elementor-element elementor-element-5ddbab3\" data-id=\"5ddbab3\" data-element_type=\"column\" data-e-type=\"column\">\n\t\t\t<div class=\"elementor-widget-wrap elementor-element-populated\">\n\t\t\t\t\t\t<div class=\"elementor-element elementor-element-a31e819 elementor-widget elementor-widget-text-editor\" data-id=\"a31e819\" data-element_type=\"widget\" data-e-type=\"widget\" data-widget_type=\"text-editor.default\">\n\t\t\t\t<div class=\"elementor-widget-container\">\n\t\t\t\t\t\t\t\t\t<p style=\"text-align: center;\"><span style=\"font-family: 'book antiqua', palatino; font-size: 34px; background-color: var(--ast-global-color-4); color: var(--ast-global-color-3);\">Meil on hea meel, et soovite meie tegemistega kursis olla!<\/span><\/p><p style=\"text-align: center;\">Uudiskirjaga liitumiseks vajutage palun allolevale nupukesele ning lisage oma e-maili aadress ning nimi (kohustuslikud v\u00e4ljad).\u00a0<\/p><p style=\"text-align: center;\">Telefoninumbri ja s\u00fcnnip\u00e4eva lisamine ei ole kohustuslikud ning need v\u00f5ite t\u00fchjaks j\u00e4tta.<\/p>\t\t\t\t\t\t\t\t<\/div>\n\t\t\t\t<\/div>\n\t\t\t\t\t<\/div>\n\t\t<\/div>\n\t\t\t\t\t<\/div>\n\t\t<\/section>\n\t\t\t\t<section class=\"elementor-section elementor-top-section elementor-element elementor-element-24a989f elementor-section-boxed elementor-section-height-default elementor-section-height-default\" data-id=\"24a989f\" data-element_type=\"section\" data-e-type=\"section\">\n\t\t\t\t\t\t<div class=\"elementor-container elementor-column-gap-default\">\n\t\t\t\t\t<div class=\"elementor-column elementor-col-100 elementor-top-column elementor-element elementor-element-9570eab\" data-id=\"9570eab\" data-element_type=\"column\" data-e-type=\"column\">\n\t\t\t<div class=\"elementor-widget-wrap elementor-element-populated\">\n\t\t\t\t\t\t<div class=\"elementor-element elementor-element-5d25a9e elementor-align-center elementor-widget elementor-widget-button\" data-id=\"5d25a9e\" data-element_type=\"widget\" data-e-type=\"widget\" data-widget_type=\"button.default\">\n\t\t\t\t<div class=\"elementor-widget-container\">\n\t\t\t\t\t\t\t\t\t<div class=\"elementor-button-wrapper\">\n\t\t\t\t\t<a class=\"elementor-button elementor-button-link elementor-size-xl\" href=\"http:\/\/ct2ih09f.sendsmaily.net\/landing-pages\/4e3dfd71-f2b1-4826-9ade-78a35300a5cb\/html\/\">\n\t\t\t\t\t\t<span class=\"elementor-button-content-wrapper\">\n\t\t\t\t\t\t\t\t\t<span class=\"elementor-button-text\">Liitu uudiskirjaga siin<\/span>\n\t\t\t\t\t<\/span>\n\t\t\t\t\t<\/a>\n\t\t\t\t<\/div>\n\t\t\t\t\t\t\t\t<\/div>\n\t\t\t\t<\/div>\n\t\t\t\t\t<\/div>\n\t\t<\/div>\n\t\t\t\t\t<\/div>\n\t\t<\/section>\n\t\t\t\t<section class=\"elementor-section elementor-top-section elementor-element elementor-element-d15127b elementor-section-boxed elementor-section-height-default elementor-section-height-default\" data-id=\"d15127b\" data-element_type=\"section\" data-e-type=\"section\">\n\t\t\t\t\t\t<div class=\"elementor-container elementor-column-gap-default\">\n\t\t\t\t\t<div class=\"elementor-column elementor-col-100 elementor-top-column elementor-element elementor-element-ff794d4\" data-id=\"ff794d4\" data-element_type=\"column\" data-e-type=\"column\">\n\t\t\t<div class=\"elementor-widget-wrap elementor-element-populated\">\n\t\t\t\t\t\t<div class=\"elementor-element elementor-element-58fd5a3 elementor-widget elementor-widget-text-editor\" data-id=\"58fd5a3\" data-element_type=\"widget\" data-e-type=\"widget\" data-widget_type=\"text-editor.default\">\n\t\t\t\t<div class=\"elementor-widget-container\">\n\t\t\t\t\t\t\t\t\t<p style=\"text-align: center;\"><em>Uudiskirja saajate hulgast on alati v\u00f5imalik lahkuda.<\/em><\/p>\t\t\t\t\t\t\t\t<\/div>\n\t\t\t\t<\/div>\n\t\t\t\t<div class=\"elementor-element elementor-element-1d94dc9 elementor-widget elementor-widget-image\" data-id=\"1d94dc9\" data-element_type=\"widget\" data-e-type=\"widget\" data-widget_type=\"image.default\">\n\t\t\t\t<div class=\"elementor-widget-container\">\n\t\t\t\t\t\t\t\t\t\t\t\t\t\t\t<img decoding=\"async\" width=\"300\" height=\"71\" src=\"https:\/\/premiumtaxi.ee\/wp-content\/uploads\/2022\/04\/cropped-PTX_logo_1_valgel_taustal__must_Taxi-removebg-preview-300x71.png\" class=\"attachment-medium size-medium wp-image-2404\" alt=\"\" srcset=\"https:\/\/premiumtaxi.ee\/wp-content\/uploads\/2022\/04\/cropped-PTX_logo_1_valgel_taustal__must_Taxi-removebg-preview-300x71.png 300w, https:\/\/premiumtaxi.ee\/wp-content\/uploads\/2022\/04\/cropped-PTX_logo_1_valgel_taustal__must_Taxi-removebg-preview-768x181.png 768w, https:\/\/premiumtaxi.ee\/wp-content\/uploads\/2022\/04\/cropped-PTX_logo_1_valgel_taustal__must_Taxi-removebg-preview.png 992w\" sizes=\"(max-width: 300px) 100vw, 300px\" \/>\t\t\t\t\t\t\t\t\t\t\t\t\t\t\t<\/div>\n\t\t\t\t<\/div>\n\t\t\t\t\t<\/div>\n\t\t<\/div>\n\t\t\t\t\t<\/div>\n\t\t<\/section>\n\t\t\t\t<\/div>","protected":false},"excerpt":{"rendered":"<p>Meil on hea meel, et soovite meie tegemistega kursis olla! Uudiskirjaga liitumiseks vajutage palun allolevale nupukesele ning lisage oma e-maili aadress ning nimi (kohustuslikud v\u00e4ljad).\u00a0 Telefoninumbri ja s\u00fcnnip\u00e4eva lisamine ei ole kohustuslikud ning need v\u00f5ite t\u00fchjaks j\u00e4tta. Liitu uudiskirjaga siin Uudiskirja saajate hulgast on alati v\u00f5imalik lahkuda.<\/p>","protected":false},"author":1,"featured_media":0,"parent":0,"menu_order":0,"comment_status":"closed","ping_status":"closed","template":"","meta":{"site-sidebar-layout":"no-sidebar","site-content-layout":"page-builder","ast-global-header-display":"","ast-main-header-display":"","ast-hfb-above-header-display":"","ast-hfb-below-header-display":"","ast-hfb-mobile-header-display":"","site-post-title":"disabled","ast-breadcrumbs-content":"","ast-featured-img":"disabled","footer-sml-layout":"","theme-transparent-header-meta":"","adv-header-id-meta":"","stick-header-meta":"","header-above-stick-meta":"","header-main-stick-meta":"","header-below-stick-meta":"","footnotes":""},"class_list":["post-2670","page","type-page","status-publish","hentry"],"_links":{"self":[{"href":"https:\/\/premiumtaxi.ee\/en\/wp-json\/wp\/v2\/pages\/2670","targetHints":{"allow":["GET"]}}],"collection":[{"href":"https:\/\/premiumtaxi.ee\/en\/wp-json\/wp\/v2\/pages"}],"about":[{"href":"https:\/\/premiumtaxi.ee\/en\/wp-json\/wp\/v2\/types\/page"}],"author":[{"embeddable":true,"href":"https:\/\/premiumtaxi.ee\/en\/wp-json\/wp\/v2\/users\/1"}],"replies":[{"embeddable":true,"href":"https:\/\/premiumtaxi.ee\/en\/wp-json\/wp\/v2\/comments?post=2670"}],"version-history":[{"count":37,"href":"https:\/\/premiumtaxi.ee\/en\/wp-json\/wp\/v2\/pages\/2670\/revisions"}],"predecessor-version":[{"id":2709,"href":"https:\/\/premiumtaxi.ee\/en\/wp-json\/wp\/v2\/pages\/2670\/revisions\/2709"}],"wp:attachment":[{"href":"https:\/\/premiumtaxi.ee\/en\/wp-json\/wp\/v2\/media?parent=2670"}],"curies":[{"name":"wp","href":"https:\/\/api.w.org\/{rel}","templated":true}]}}