{"id":2510,"date":"2022-04-28T20:38:52","date_gmt":"2022-04-28T17:38:52","guid":{"rendered":"https:\/\/premiumtaxi.ee\/?page_id=2510"},"modified":"2022-04-28T20:56:11","modified_gmt":"2022-04-28T17:56:11","slug":"broneerimine","status":"publish","type":"page","link":"https:\/\/premiumtaxi.ee\/en\/broneerimine\/","title":{"rendered":"Book a car"},"content":{"rendered":"\t\t<div data-elementor-type=\"wp-page\" data-elementor-id=\"2510\" class=\"elementor elementor-2510\">\n\t\t\t\t\t\t<section class=\"elementor-section elementor-top-section elementor-element elementor-element-486db2d elementor-section-height-min-height elementor-section-boxed elementor-section-height-default elementor-section-items-middle\" data-id=\"486db2d\" data-element_type=\"section\" data-e-type=\"section\" data-settings=\"{&quot;background_background&quot;:&quot;classic&quot;}\">\n\t\t\t\t\t\t\t<div class=\"elementor-background-overlay\"><\/div>\n\t\t\t\t\t\t\t<div class=\"elementor-container elementor-column-gap-no\">\n\t\t\t\t\t<div class=\"elementor-column elementor-col-100 elementor-top-column elementor-element elementor-element-b92903e\" data-id=\"b92903e\" data-element_type=\"column\" data-e-type=\"column\">\n\t\t\t<div class=\"elementor-widget-wrap elementor-element-populated\">\n\t\t\t\t\t\t<section class=\"elementor-section elementor-inner-section elementor-element elementor-element-6b38473 elementor-section-boxed elementor-section-height-default elementor-section-height-default\" data-id=\"6b38473\" data-element_type=\"section\" data-e-type=\"section\">\n\t\t\t\t\t\t<div class=\"elementor-container elementor-column-gap-no\">\n\t\t\t\t\t<div class=\"elementor-column elementor-col-100 elementor-inner-column elementor-element elementor-element-bbd1f2d\" data-id=\"bbd1f2d\" data-element_type=\"column\" data-e-type=\"column\">\n\t\t\t<div class=\"elementor-widget-wrap elementor-element-populated\">\n\t\t\t\t\t\t<div class=\"elementor-element elementor-element-4591dd2 elementor-widget__width-inherit elementor-widget elementor-widget-heading\" data-id=\"4591dd2\" data-element_type=\"widget\" data-e-type=\"widget\" data-widget_type=\"heading.default\">\n\t\t\t\t<div class=\"elementor-widget-container\">\n\t\t\t\t\t<h2 class=\"elementor-heading-title elementor-size-xxl\">Esindusauto, minivani ja v\u00e4ikebussi broneering<\/h2>\t\t\t\t<\/div>\n\t\t\t\t<\/div>\n\t\t\t\t\t<\/div>\n\t\t<\/div>\n\t\t\t\t\t<\/div>\n\t\t<\/section>\n\t\t\t\t<section class=\"elementor-section elementor-inner-section elementor-element elementor-element-8f8a06e elementor-section-boxed elementor-section-height-default elementor-section-height-default\" data-id=\"8f8a06e\" data-element_type=\"section\" data-e-type=\"section\">\n\t\t\t\t\t\t<div class=\"elementor-container elementor-column-gap-no\">\n\t\t\t\t\t<div class=\"elementor-column elementor-col-100 elementor-inner-column elementor-element elementor-element-62b8115\" data-id=\"62b8115\" data-element_type=\"column\" data-e-type=\"column\">\n\t\t\t<div class=\"elementor-widget-wrap elementor-element-populated\">\n\t\t\t\t\t\t\t<\/div>\n\t\t<\/div>\n\t\t\t\t\t<\/div>\n\t\t<\/section>\n\t\t\t\t\t<\/div>\n\t\t<\/div>\n\t\t\t\t\t<\/div>\n\t\t<\/section>\n\t\t\t\t<section class=\"elementor-section elementor-top-section elementor-element elementor-element-cbc2f61 elementor-section-boxed elementor-section-height-default elementor-section-height-default\" data-id=\"cbc2f61\" data-element_type=\"section\" data-e-type=\"section\" data-settings=\"{&quot;background_background&quot;:&quot;classic&quot;}\">\n\t\t\t\t\t\t\t<div class=\"elementor-background-overlay\"><\/div>\n\t\t\t\t\t\t\t<div class=\"elementor-container elementor-column-gap-no\">\n\t\t\t\t\t<div class=\"elementor-column elementor-col-100 elementor-top-column elementor-element elementor-element-e498eb5\" data-id=\"e498eb5\" data-element_type=\"column\" data-e-type=\"column\">\n\t\t\t<div class=\"elementor-widget-wrap elementor-element-populated\">\n\t\t\t\t\t\t<section class=\"elementor-section elementor-inner-section elementor-element elementor-element-2b25d9e elementor-section-boxed elementor-section-height-default elementor-section-height-default\" data-id=\"2b25d9e\" data-element_type=\"section\" data-e-type=\"section\">\n\t\t\t\t\t\t<div class=\"elementor-container elementor-column-gap-no\">\n\t\t\t\t\t<div class=\"elementor-column elementor-col-100 elementor-inner-column elementor-element elementor-element-16bede5\" data-id=\"16bede5\" data-element_type=\"column\" data-e-type=\"column\">\n\t\t\t<div class=\"elementor-widget-wrap elementor-element-populated\">\n\t\t\t\t\t\t<div class=\"elementor-element elementor-element-2a89d87 elementor-widget elementor-widget-heading\" data-id=\"2a89d87\" data-element_type=\"widget\" data-e-type=\"widget\" data-widget_type=\"heading.default\">\n\t\t\t\t<div class=\"elementor-widget-container\">\n\t\t\t\t\t<h3 class=\"elementor-heading-title elementor-size-default\">Esindusauto, minivani ja v\u00e4ikebussi broneerimiseks palume t\u00e4ita all olevad v\u00e4ljad. \n\nKui oleme Teie tellimuse k\u00e4tte saanud saadame Teile esmalt hinnapakkumise ning seej\u00e4rel saate pakkumise juba kinnitada. \n<\/h3>\t\t\t\t<\/div>\n\t\t\t\t<\/div>\n\t\t\t\t<div class=\"elementor-element elementor-element-0652fae elementor-widget-divider--view-line elementor-widget elementor-widget-divider\" data-id=\"0652fae\" data-element_type=\"widget\" data-e-type=\"widget\" data-widget_type=\"divider.default\">\n\t\t\t\t<div class=\"elementor-widget-container\">\n\t\t\t\t\t\t\t<div class=\"elementor-divider\">\n\t\t\t<span class=\"elementor-divider-separator\">\n\t\t\t\t\t\t<\/span>\n\t\t<\/div>\n\t\t\t\t\t\t<\/div>\n\t\t\t\t<\/div>\n\t\t\t\t<div class=\"elementor-element elementor-element-ee4f969 elementor-widget elementor-widget-wpforms\" data-id=\"ee4f969\" data-element_type=\"widget\" data-e-type=\"widget\" data-widget_type=\"wpforms.default\">\n\t\t\t\t<div class=\"elementor-widget-container\">\n\t\t\t\t\t<div class=\"wpforms-container \" id=\"wpforms-2494\"><form id=\"wpforms-form-2494\" class=\"wpforms-validate wpforms-form wpforms-ajax-form\" data-formid=\"2494\" method=\"post\" enctype=\"multipart\/form-data\" action=\"\/en\/wp-json\/wp\/v2\/pages\/2510\" data-token=\"11b38ca28329b04cda1a8145ca9ac814\" data-token-time=\"1776953986\"><noscript class=\"wpforms-error-noscript\">Please enable JavaScript in your browser to complete this form.<\/noscript><div class=\"wpforms-field-container\"><div id=\"wpforms-2494-field_18-container\" class=\"wpforms-field wpforms-field-text\" data-field-id=\"18\"><label class=\"wpforms-field-label\" for=\"wpforms-2494-field_18\">S\u00f5idu kuup\u00e4ev ja kellaaeg <span class=\"wpforms-required-label\">*<\/span><\/label><input type=\"text\" id=\"wpforms-2494-field_18\" class=\"wpforms-field-medium wpforms-field-required\" name=\"wpforms[fields][18]\" placeholder=\"Sisestage s\u00f5idu kuup\u00e4ev ja v\u00e4ljas\u00f5idu kellaaeg\" required><\/div><div id=\"wpforms-2494-field_16-container\" class=\"wpforms-field wpforms-field-text\" data-field-id=\"16\"><label class=\"wpforms-field-label\" for=\"wpforms-2494-field_16\">S\u00f5idu alguspunkt <span class=\"wpforms-required-label\">*<\/span><\/label><input type=\"text\" id=\"wpforms-2494-field_16\" class=\"wpforms-field-medium wpforms-field-required\" name=\"wpforms[fields][16]\" placeholder=\"Sisestage s\u00f5idu alguspunkt\" required><\/div><div id=\"wpforms-2494-field_29-container\" class=\"wpforms-field wpforms-field-text\" data-field-id=\"29\"><label class=\"wpforms-field-label\" for=\"wpforms-2494-field_29\">S\u00f5idu vahepealsed peatuskohad<\/label><input type=\"text\" id=\"wpforms-2494-field_29\" class=\"wpforms-field-medium\" name=\"wpforms[fields][29]\" placeholder=\"S\u00f5idu vahepealsed peatuskohad\" ><\/div><div id=\"wpforms-2494-field_17-container\" class=\"wpforms-field wpforms-field-text\" data-field-id=\"17\"><label class=\"wpforms-field-label\" for=\"wpforms-2494-field_17\">S\u00f5idu l\u00f5pp sihtkoht <span class=\"wpforms-required-label\">*<\/span><\/label><input type=\"text\" id=\"wpforms-2494-field_17\" class=\"wpforms-field-medium wpforms-field-required\" name=\"wpforms[fields][17]\" placeholder=\"Sisestage s\u00f5idu sihtkoht\" required><\/div><div id=\"wpforms-2494-field_30-container\" class=\"wpforms-field wpforms-field-text\" data-field-id=\"30\"><label class=\"wpforms-field-label\" for=\"wpforms-2494-field_30\">Planeeritud s\u00f5idu l\u00f5puaeg<\/label><input type=\"text\" id=\"wpforms-2494-field_30\" class=\"wpforms-field-medium\" name=\"wpforms[fields][30]\" placeholder=\"Sisestage mis kellaks olete planeerinud j\u00f5uda sihtkohta\" ><\/div><div id=\"wpforms-2494-field_15-container\" class=\"wpforms-field wpforms-field-number\" data-field-id=\"15\"><label class=\"wpforms-field-label\" for=\"wpforms-2494-field_15\">Reisijate arv <span class=\"wpforms-required-label\">*<\/span><\/label><input type=\"number\" id=\"wpforms-2494-field_15\" class=\"wpforms-field-medium wpforms-field-required\" name=\"wpforms[fields][15]\" placeholder=\"Sisestage reisijate arv\" step=\"any\" required><\/div><div id=\"wpforms-2494-field_13-container\" class=\"wpforms-field wpforms-field-select wpforms-field-select-style-classic\" data-field-id=\"13\"><label class=\"wpforms-field-label\" for=\"wpforms-2494-field_13\">S\u00f5iduki t\u00fc\u00fcp <span class=\"wpforms-required-label\">*<\/span><\/label><select id=\"wpforms-2494-field_13\" class=\"wpforms-field-medium wpforms-field-required\" name=\"wpforms[fields][13]\" required=\"required\"><option value=\"\" class=\"placeholder\" disabled  selected='selected'>Valige millist s\u00f5idukit eelistate<\/option><option value=\"Mercedes-Benz E-klass, hall (1-3 reisijat)\"  class=\"choice-1 depth-1\"  >Mercedes-Benz E-klass, hall (1-3 reisijat)<\/option><option value=\"Mercedes-Benz E-klass  (1-3 reisijat)\"  class=\"choice-2 depth-1\"  >Mercedes-Benz E-klass  (1-3 reisijat)<\/option><option value=\"Mercedes-Benz S-klass (1-3 reisijat)\"  class=\"choice-3 depth-1\"  >Mercedes-Benz S-klass (1-3 reisijat)<\/option><option value=\"Mercedes-Benz Vito (4-7 reisijat)\"  class=\"choice-4 depth-1\"  >Mercedes-Benz Vito (4-7 reisijat)<\/option><option value=\"Mercedes-Benz V-klass (4-6 reisijat)\"  class=\"choice-5 depth-1\"  >Mercedes-Benz V-klass (4-6 reisijat)<\/option><option value=\"Mercedes-Benz Sprinter (16-23 reisijat)\"  class=\"choice-6 depth-1\"  >Mercedes-Benz Sprinter (16-23 reisijat)<\/option><option value=\"Mercedes-Benz Tourismo (4049 reisijat)\"  class=\"choice-7 depth-1\"  >Mercedes-Benz Tourismo (4049 reisijat)<\/option><\/select><\/div><div id=\"wpforms-2494-field_12-container\" class=\"wpforms-field wpforms-field-select wpforms-field-select-style-classic\" data-field-id=\"12\"><label class=\"wpforms-field-label\" for=\"wpforms-2494-field_12\">Kas on vaja autole\/bussile lisada ka silt? <\/label><select id=\"wpforms-2494-field_12\" class=\"wpforms-field-medium\" name=\"wpforms[fields][12]\"><option value=\"\" class=\"placeholder\" disabled  selected='selected'>Valige kas Jah v\u00f5i Ei<\/option><option value=\"Jah, on vaja \"  class=\"choice-1 depth-1\"  >Jah, on vaja<\/option><option value=\"Ei ole vaja \"  class=\"choice-2 depth-1\"  >Ei ole vaja<\/option><option value=\"Muu\"  class=\"choice-3 depth-1\"  >Muu<\/option><\/select><\/div><div id=\"wpforms-2494-field_20-container\" class=\"wpforms-field wpforms-field-text\" data-field-id=\"20\"><label class=\"wpforms-field-label\" for=\"wpforms-2494-field_20\">Sildile lisatav nimi<\/label><input type=\"text\" id=\"wpforms-2494-field_20\" class=\"wpforms-field-medium\" name=\"wpforms[fields][20]\" placeholder=\"Kui valisite eelnevalt Jah siis sisestage palun sildile lisatav nimi\" ><\/div><div id=\"wpforms-2494-field_22-container\" class=\"wpforms-field wpforms-field-radio\" data-field-id=\"22\"><label class=\"wpforms-field-label\">Kas on vaja lastele turvavarustust? <\/label><ul id=\"wpforms-2494-field_22\"><li class=\"choice-1 depth-1\"><input type=\"radio\" id=\"wpforms-2494-field_22_1\" name=\"wpforms[fields][22]\" value=\"Turvah\u00e4ll 0-10kg lapsele\"  ><label class=\"wpforms-field-label-inline\" for=\"wpforms-2494-field_22_1\">Turvah\u00e4ll 0-10kg lapsele<\/label><\/li><li class=\"choice-2 depth-1\"><input type=\"radio\" id=\"wpforms-2494-field_22_2\" name=\"wpforms[fields][22]\" value=\"Turvatool 9-36kg lapsele\"  ><label class=\"wpforms-field-label-inline\" for=\"wpforms-2494-field_22_2\">Turvatool 9-36kg lapsele<\/label><\/li><li class=\"choice-3 depth-1\"><input type=\"radio\" id=\"wpforms-2494-field_22_3\" name=\"wpforms[fields][22]\" value=\"Istumisalus\"  ><label class=\"wpforms-field-label-inline\" for=\"wpforms-2494-field_22_3\">Istumisalus<\/label><\/li><li class=\"choice-4 depth-1\"><input type=\"radio\" id=\"wpforms-2494-field_22_4\" name=\"wpforms[fields][22]\" value=\"Ei vaja turvavarustust\"  ><label class=\"wpforms-field-label-inline\" for=\"wpforms-2494-field_22_4\">Ei vaja turvavarustust<\/label><\/li><\/ul><\/div><div id=\"wpforms-2494-field_7-container\" class=\"wpforms-field wpforms-field-textarea\" data-field-id=\"7\"><label class=\"wpforms-field-label\" for=\"wpforms-2494-field_7\">Lisainfo<\/label><textarea id=\"wpforms-2494-field_7\" class=\"wpforms-field-medium\" name=\"wpforms[fields][7]\" placeholder=\"Vajadusel sisestage lisainfo\" ><\/textarea><\/div><div id=\"wpforms-2494-field_31-container\" class=\"wpforms-field wpforms-field-text\" data-field-id=\"31\"><label class=\"wpforms-field-label\" for=\"wpforms-2494-field_31\">Teie andmed <span class=\"wpforms-required-label\">*<\/span><\/label><input type=\"text\" id=\"wpforms-2494-field_31\" class=\"wpforms-field-medium wpforms-field-required\" name=\"wpforms[fields][31]\" placeholder=\"Teie ees- ja perekonnanimi\" required><\/div><div id=\"wpforms-2494-field_32-container\" class=\"wpforms-field wpforms-field-text\" data-field-id=\"32\"><label class=\"wpforms-field-label wpforms-label-hide\" for=\"wpforms-2494-field_32\">Teie telefoninumber <span class=\"wpforms-required-label\">*<\/span><\/label><input type=\"text\" id=\"wpforms-2494-field_32\" class=\"wpforms-field-medium wpforms-field-required\" name=\"wpforms[fields][32]\" placeholder=\"Teie telefoninumber\" required><\/div><div id=\"wpforms-2494-field_33-container\" class=\"wpforms-field wpforms-field-text\" data-field-id=\"33\"><label class=\"wpforms-field-label wpforms-label-hide\" for=\"wpforms-2494-field_33\">Teie e-mail <span class=\"wpforms-required-label\">*<\/span><\/label><input type=\"text\" id=\"wpforms-2494-field_33\" class=\"wpforms-field-medium wpforms-field-required\" name=\"wpforms[fields][33]\" placeholder=\"Teie e-mail\" required><\/div><div id=\"wpforms-2494-field_36-container\" class=\"wpforms-field wpforms-field-select wpforms-field-select-style-classic\" data-field-id=\"36\"><label class=\"wpforms-field-label\" for=\"wpforms-2494-field_36\">Tasumise viis<\/label><select id=\"wpforms-2494-field_36\" class=\"wpforms-field-medium\" name=\"wpforms[fields][36]\"><option value=\"\" class=\"placeholder\" disabled  selected='selected'>Valige tasumise viis<\/option><option value=\"Ettemaksu arvega\"  class=\"choice-1 depth-1\"  >Ettemaksu arvega<\/option><option value=\"Pangakaardiga juhile\"  class=\"choice-2 depth-1\"  >Pangakaardiga juhile<\/option><option value=\"Sularahas juhile\"  class=\"choice-3 depth-1\"  >Sularahas juhile<\/option><option value=\"Muu\"  class=\"choice-4 depth-1\"  >Muu<\/option><\/select><\/div><div id=\"wpforms-2494-field_37-container\" class=\"wpforms-field wpforms-field-textarea\" data-field-id=\"37\"><label class=\"wpforms-field-label\" for=\"wpforms-2494-field_37\">Arve saaja andmed<\/label><textarea id=\"wpforms-2494-field_37\" class=\"wpforms-field-medium\" name=\"wpforms[fields][37]\" ><\/textarea><\/div><\/div><!-- .wpforms-field-container --><div class=\"wpforms-submit-container\" ><input type=\"hidden\" name=\"wpforms[id]\" value=\"2494\"><input type=\"hidden\" name=\"page_title\" value=\"\"><input type=\"hidden\" name=\"page_url\" value=\"https:\/\/premiumtaxi.ee\/en\/wp-json\/wp\/v2\/pages\/2510\"><input type=\"hidden\" name=\"url_referer\" value=\"\"><button type=\"submit\" name=\"wpforms[submit]\" id=\"wpforms-submit-2494\" class=\"wpforms-submit\" data-alt-text=\"Saadan...\" data-submit-text=\"Saada\" aria-live=\"assertive\" value=\"wpforms-submit\">Saada<\/button><img decoding=\"async\" src=\"https:\/\/premiumtaxi.ee\/wp-content\/plugins\/wpforms-lite\/assets\/images\/submit-spin.svg\" class=\"wpforms-submit-spinner\" style=\"display: none;\" width=\"26\" height=\"26\" alt=\"Loading\"><\/div><\/form><\/div>  <!-- .wpforms-container -->\t\t\t\t<\/div>\n\t\t\t\t<\/div>\n\t\t\t\t\t<\/div>\n\t\t<\/div>\n\t\t\t\t\t<\/div>\n\t\t<\/section>\n\t\t\t\t\t<\/div>\n\t\t<\/div>\n\t\t\t\t\t<\/div>\n\t\t<\/section>\n\t\t\t\t<section class=\"elementor-section elementor-top-section elementor-element elementor-element-6dc8259 elementor-section-boxed elementor-section-height-default elementor-section-height-default\" data-id=\"6dc8259\" data-element_type=\"section\" data-e-type=\"section\">\n\t\t\t\t\t\t<div class=\"elementor-container elementor-column-gap-default\">\n\t\t\t\t\t<div class=\"elementor-column elementor-col-100 elementor-top-column elementor-element elementor-element-6202f2f\" data-id=\"6202f2f\" data-element_type=\"column\" data-e-type=\"column\">\n\t\t\t<div class=\"elementor-widget-wrap elementor-element-populated\">\n\t\t\t\t\t\t<div class=\"elementor-element elementor-element-52242c5 elementor-widget elementor-widget-text-editor\" data-id=\"52242c5\" data-element_type=\"widget\" data-e-type=\"widget\" data-widget_type=\"text-editor.default\">\n\t\t\t\t<div class=\"elementor-widget-container\">\n\t\t\t\t\t\t\t\t\t<p>NB! V\u00e4ljaspool t\u00f6\u00f6aegasid (9:00-17:00) saadetud kirjadele vastame hiljemalt j\u00e4rgmise t\u00f6\u00f6p\u00e4eva hommikul. Kiirete k\u00fcsimuste korral v\u00f5ite julgesti helistada tel.\u00a0 <a href=\"tel: +372 5385 5766\">+372 5385 5766<\/a><\/p>\t\t\t\t\t\t\t\t<\/div>\n\t\t\t\t<\/div>\n\t\t\t\t\t<\/div>\n\t\t<\/div>\n\t\t\t\t\t<\/div>\n\t\t<\/section>\n\t\t\t\t<section class=\"elementor-section elementor-top-section elementor-element elementor-element-bccdd00 elementor-section-boxed elementor-section-height-default elementor-section-height-default\" data-id=\"bccdd00\" data-element_type=\"section\" data-e-type=\"section\">\n\t\t\t\t\t\t<div class=\"elementor-container elementor-column-gap-default\">\n\t\t\t\t\t<div class=\"elementor-column elementor-col-100 elementor-top-column elementor-element elementor-element-b7752b0\" data-id=\"b7752b0\" data-element_type=\"column\" data-e-type=\"column\">\n\t\t\t<div class=\"elementor-widget-wrap elementor-element-populated\">\n\t\t\t\t\t\t<div class=\"elementor-element elementor-element-18561c3 elementor-widget-divider--view-line elementor-widget elementor-widget-divider\" data-id=\"18561c3\" data-element_type=\"widget\" data-e-type=\"widget\" data-widget_type=\"divider.default\">\n\t\t\t\t<div class=\"elementor-widget-container\">\n\t\t\t\t\t\t\t<div class=\"elementor-divider\">\n\t\t\t<span class=\"elementor-divider-separator\">\n\t\t\t\t\t\t<\/span>\n\t\t<\/div>\n\t\t\t\t\t\t<\/div>\n\t\t\t\t<\/div>\n\t\t\t\t\t<\/div>\n\t\t<\/div>\n\t\t\t\t\t<\/div>\n\t\t<\/section>\n\t\t\t\t<section class=\"elementor-section elementor-top-section elementor-element elementor-element-1f53a55 elementor-section-boxed elementor-section-height-default elementor-section-height-default\" data-id=\"1f53a55\" data-element_type=\"section\" data-e-type=\"section\">\n\t\t\t\t\t\t<div class=\"elementor-container elementor-column-gap-default\">\n\t\t\t\t\t<div class=\"elementor-column elementor-col-100 elementor-top-column elementor-element elementor-element-e586ee6\" data-id=\"e586ee6\" data-element_type=\"column\" data-e-type=\"column\">\n\t\t\t<div class=\"elementor-widget-wrap elementor-element-populated\">\n\t\t\t\t\t\t<div class=\"elementor-element elementor-element-d816c1e elementor-widget elementor-widget-text-editor\" data-id=\"d816c1e\" data-element_type=\"widget\" data-e-type=\"widget\" data-widget_type=\"text-editor.default\">\n\t\t\t\t<div class=\"elementor-widget-container\">\n\t\t\t\t\t\t\t\t\t<h3 style=\"text-align: left;\"><span style=\"color: #f9c349;\"><a style=\"color: #f9c349;\" href=\"https:\/\/premiumtaxi.ee\/kontakt\/\"><strong>Premium Taxi O\u00dc<\/strong><\/a><\/span><\/h3><p style=\"text-align: left;\">\u00a0<\/p>\t\t\t\t\t\t\t\t<\/div>\n\t\t\t\t<\/div>\n\t\t\t\t<div class=\"elementor-element elementor-element-6672ecb elementor-mobile-align-center elementor-icon-list--layout-traditional elementor-list-item-link-full_width elementor-widget elementor-widget-icon-list\" data-id=\"6672ecb\" data-element_type=\"widget\" data-e-type=\"widget\" data-widget_type=\"icon-list.default\">\n\t\t\t\t<div class=\"elementor-widget-container\">\n\t\t\t\t\t\t\t<ul class=\"elementor-icon-list-items\">\n\t\t\t\t\t\t\t<li class=\"elementor-icon-list-item\">\n\t\t\t\t\t\t\t\t\t\t\t<a href=\"tel:+37253855766\">\n\n\t\t\t\t\t\t\t\t\t\t\t\t<span class=\"elementor-icon-list-icon\">\n\t\t\t\t\t\t\t<i aria-hidden=\"true\" class=\"fas fa-phone-alt\"><\/i>\t\t\t\t\t\t<\/span>\n\t\t\t\t\t\t\t\t\t\t<span class=\"elementor-icon-list-text\">+372 5385 5766<\/span>\n\t\t\t\t\t\t\t\t\t\t\t<\/a>\n\t\t\t\t\t\t\t\t\t<\/li>\n\t\t\t\t\t\t\t\t<li class=\"elementor-icon-list-item\">\n\t\t\t\t\t\t\t\t\t\t\t<a href=\"mailto:%20info@premiumtaxi.ee\">\n\n\t\t\t\t\t\t\t\t\t\t\t\t<span class=\"elementor-icon-list-icon\">\n\t\t\t\t\t\t\t<i aria-hidden=\"true\" class=\"fas fa-envelope\"><\/i>\t\t\t\t\t\t<\/span>\n\t\t\t\t\t\t\t\t\t\t<span class=\"elementor-icon-list-text\">info@premiumtaxi.ee<\/span>\n\t\t\t\t\t\t\t\t\t\t\t<\/a>\n\t\t\t\t\t\t\t\t\t<\/li>\n\t\t\t\t\t\t\t\t<li class=\"elementor-icon-list-item\">\n\t\t\t\t\t\t\t\t\t\t\t<a href=\"#\">\n\n\t\t\t\t\t\t\t\t\t\t\t\t<span class=\"elementor-icon-list-icon\">\n\t\t\t\t\t\t\t<i aria-hidden=\"true\" class=\"fas fa-map-marker-alt\"><\/i>\t\t\t\t\t\t<\/span>\n\t\t\t\t\t\t\t\t\t\t<span class=\"elementor-icon-list-text\">Tallinn, Eesti<\/span>\n\t\t\t\t\t\t\t\t\t\t\t<\/a>\n\t\t\t\t\t\t\t\t\t<\/li>\n\t\t\t\t\t\t<\/ul>\n\t\t\t\t\t\t<\/div>\n\t\t\t\t<\/div>\n\t\t\t\t\t<\/div>\n\t\t<\/div>\n\t\t\t\t\t<\/div>\n\t\t<\/section>\n\t\t\t\t<\/div>\n\t\t","protected":false},"excerpt":{"rendered":"<p>Esindusauto, minivani ja v\u00e4ikebussi broneering Esindusauto, minivani ja v\u00e4ikebussi broneerimiseks palume t\u00e4ita all olevad v\u00e4ljad. Kui oleme Teie tellimuse k\u00e4tte saanud saadame Teile esmalt hinnapakkumise ning seej\u00e4rel saate pakkumise juba kinnitada. NB! V\u00e4ljaspool t\u00f6\u00f6aegasid (9:00-17:00) saadetud kirjadele vastame hiljemalt j\u00e4rgmise t\u00f6\u00f6p\u00e4eva hommikul. Kiirete k\u00fcsimuste korral v\u00f5ite julgesti helistada tel.\u00a0 +372 5385 5766 Premium Taxi O\u00dc &hellip;<\/p>\n<p class=\"read-more\"> <a class=\"\" href=\"https:\/\/premiumtaxi.ee\/en\/broneerimine\/\"> <span class=\"screen-reader-text\">Book a car<\/span> Read More &raquo;<\/a><\/p>","protected":false},"author":1,"featured_media":0,"parent":0,"menu_order":2,"comment_status":"closed","ping_status":"closed","template":"","meta":{"site-sidebar-layout":"no-sidebar","site-content-layout":"page-builder","ast-global-header-display":"","ast-main-header-display":"","ast-hfb-above-header-display":"","ast-hfb-below-header-display":"","ast-hfb-mobile-header-display":"","site-post-title":"disabled","ast-breadcrumbs-content":"disabled","ast-featured-img":"disabled","footer-sml-layout":"","theme-transparent-header-meta":"enabled","adv-header-id-meta":"","stick-header-meta":"","header-above-stick-meta":"","header-main-stick-meta":"","header-below-stick-meta":"","footnotes":""},"class_list":["post-2510","page","type-page","status-publish","hentry"],"_links":{"self":[{"href":"https:\/\/premiumtaxi.ee\/en\/wp-json\/wp\/v2\/pages\/2510","targetHints":{"allow":["GET"]}}],"collection":[{"href":"https:\/\/premiumtaxi.ee\/en\/wp-json\/wp\/v2\/pages"}],"about":[{"href":"https:\/\/premiumtaxi.ee\/en\/wp-json\/wp\/v2\/types\/page"}],"author":[{"embeddable":true,"href":"https:\/\/premiumtaxi.ee\/en\/wp-json\/wp\/v2\/users\/1"}],"replies":[{"embeddable":true,"href":"https:\/\/premiumtaxi.ee\/en\/wp-json\/wp\/v2\/comments?post=2510"}],"version-history":[{"count":17,"href":"https:\/\/premiumtaxi.ee\/en\/wp-json\/wp\/v2\/pages\/2510\/revisions"}],"predecessor-version":[{"id":2527,"href":"https:\/\/premiumtaxi.ee\/en\/wp-json\/wp\/v2\/pages\/2510\/revisions\/2527"}],"wp:attachment":[{"href":"https:\/\/premiumtaxi.ee\/en\/wp-json\/wp\/v2\/media?parent=2510"}],"curies":[{"name":"wp","href":"https:\/\/api.w.org\/{rel}","templated":true}]}}