{"id":2455,"date":"2022-04-27T17:51:42","date_gmt":"2022-04-27T14:51:42","guid":{"rendered":"https:\/\/premiumtaxi.ee\/?page_id=2455"},"modified":"2022-04-27T19:32:45","modified_gmt":"2022-04-27T16:32:45","slug":"transfeerteenuse-tellimus","status":"publish","type":"page","link":"https:\/\/premiumtaxi.ee\/en\/transfeerteenuse-tellimus\/","title":{"rendered":"Transfeerteenuse tellimus"},"content":{"rendered":"\t\t<div data-elementor-type=\"wp-page\" data-elementor-id=\"2455\" class=\"elementor elementor-2455\">\n\t\t\t\t\t\t<section class=\"elementor-section elementor-top-section elementor-element elementor-element-486db2d elementor-section-height-min-height elementor-section-boxed elementor-section-height-default elementor-section-items-middle\" data-id=\"486db2d\" data-element_type=\"section\" data-e-type=\"section\" data-settings=\"{&quot;background_background&quot;:&quot;classic&quot;}\">\n\t\t\t\t\t\t\t<div class=\"elementor-background-overlay\"><\/div>\n\t\t\t\t\t\t\t<div class=\"elementor-container elementor-column-gap-no\">\n\t\t\t\t\t<div class=\"elementor-column elementor-col-100 elementor-top-column elementor-element elementor-element-b92903e\" data-id=\"b92903e\" data-element_type=\"column\" data-e-type=\"column\">\n\t\t\t<div class=\"elementor-widget-wrap elementor-element-populated\">\n\t\t\t\t\t\t<section class=\"elementor-section elementor-inner-section elementor-element elementor-element-6b38473 elementor-section-boxed elementor-section-height-default elementor-section-height-default\" data-id=\"6b38473\" data-element_type=\"section\" data-e-type=\"section\">\n\t\t\t\t\t\t<div class=\"elementor-container elementor-column-gap-no\">\n\t\t\t\t\t<div class=\"elementor-column elementor-col-100 elementor-inner-column elementor-element elementor-element-bbd1f2d\" data-id=\"bbd1f2d\" data-element_type=\"column\" data-e-type=\"column\">\n\t\t\t<div class=\"elementor-widget-wrap elementor-element-populated\">\n\t\t\t\t\t\t<div class=\"elementor-element elementor-element-4591dd2 elementor-widget__width-inherit elementor-widget elementor-widget-heading\" data-id=\"4591dd2\" data-element_type=\"widget\" data-e-type=\"widget\" data-widget_type=\"heading.default\">\n\t\t\t\t<div class=\"elementor-widget-container\">\n\t\t\t\t\t<h2 class=\"elementor-heading-title elementor-size-xxl\">Lennujaama transfeerteenuse tellimus<\/h2>\t\t\t\t<\/div>\n\t\t\t\t<\/div>\n\t\t\t\t\t<\/div>\n\t\t<\/div>\n\t\t\t\t\t<\/div>\n\t\t<\/section>\n\t\t\t\t<section class=\"elementor-section elementor-inner-section elementor-element elementor-element-8f8a06e elementor-section-boxed elementor-section-height-default elementor-section-height-default\" data-id=\"8f8a06e\" data-element_type=\"section\" data-e-type=\"section\">\n\t\t\t\t\t\t<div class=\"elementor-container elementor-column-gap-no\">\n\t\t\t\t\t<div class=\"elementor-column elementor-col-100 elementor-inner-column elementor-element elementor-element-62b8115\" data-id=\"62b8115\" data-element_type=\"column\" data-e-type=\"column\">\n\t\t\t<div class=\"elementor-widget-wrap elementor-element-populated\">\n\t\t\t\t\t\t\t<\/div>\n\t\t<\/div>\n\t\t\t\t\t<\/div>\n\t\t<\/section>\n\t\t\t\t\t<\/div>\n\t\t<\/div>\n\t\t\t\t\t<\/div>\n\t\t<\/section>\n\t\t\t\t<section class=\"elementor-section elementor-top-section elementor-element elementor-element-cbc2f61 elementor-section-boxed elementor-section-height-default elementor-section-height-default\" data-id=\"cbc2f61\" data-element_type=\"section\" data-e-type=\"section\" data-settings=\"{&quot;background_background&quot;:&quot;classic&quot;}\">\n\t\t\t\t\t\t\t<div class=\"elementor-background-overlay\"><\/div>\n\t\t\t\t\t\t\t<div class=\"elementor-container elementor-column-gap-no\">\n\t\t\t\t\t<div class=\"elementor-column elementor-col-100 elementor-top-column elementor-element elementor-element-e498eb5\" data-id=\"e498eb5\" data-element_type=\"column\" data-e-type=\"column\">\n\t\t\t<div class=\"elementor-widget-wrap elementor-element-populated\">\n\t\t\t\t\t\t<section class=\"elementor-section elementor-inner-section elementor-element elementor-element-2b25d9e elementor-section-boxed elementor-section-height-default elementor-section-height-default\" data-id=\"2b25d9e\" data-element_type=\"section\" data-e-type=\"section\">\n\t\t\t\t\t\t<div class=\"elementor-container elementor-column-gap-no\">\n\t\t\t\t\t<div class=\"elementor-column elementor-col-100 elementor-inner-column elementor-element elementor-element-16bede5\" data-id=\"16bede5\" data-element_type=\"column\" data-e-type=\"column\">\n\t\t\t<div class=\"elementor-widget-wrap elementor-element-populated\">\n\t\t\t\t\t\t<div class=\"elementor-element elementor-element-2a89d87 elementor-widget elementor-widget-heading\" data-id=\"2a89d87\" data-element_type=\"widget\" data-e-type=\"widget\" data-widget_type=\"heading.default\">\n\t\t\t\t<div class=\"elementor-widget-container\">\n\t\t\t\t\t<h3 class=\"elementor-heading-title elementor-size-default\">Transfeerteenuse tellimiseks palume t\u00e4ita all olevad v\u00e4ljad. \nKui oleme Teie tellimuse k\u00e4tte saanud saadame Teile esmalt hinnapakkumise ning seej\u00e4rel saate pakkumise juba kinnitada. \n<\/h3>\t\t\t\t<\/div>\n\t\t\t\t<\/div>\n\t\t\t\t<div class=\"elementor-element elementor-element-0652fae elementor-widget-divider--view-line elementor-widget elementor-widget-divider\" data-id=\"0652fae\" data-element_type=\"widget\" data-e-type=\"widget\" data-widget_type=\"divider.default\">\n\t\t\t\t<div class=\"elementor-widget-container\">\n\t\t\t\t\t\t\t<div class=\"elementor-divider\">\n\t\t\t<span class=\"elementor-divider-separator\">\n\t\t\t\t\t\t<\/span>\n\t\t<\/div>\n\t\t\t\t\t\t<\/div>\n\t\t\t\t<\/div>\n\t\t\t\t<div class=\"elementor-element elementor-element-ee4f969 elementor-widget elementor-widget-wpforms\" data-id=\"ee4f969\" data-element_type=\"widget\" data-e-type=\"widget\" data-widget_type=\"wpforms.default\">\n\t\t\t\t<div class=\"elementor-widget-container\">\n\t\t\t\t\t<div class=\"wpforms-container \" id=\"wpforms-2391\"><form id=\"wpforms-form-2391\" class=\"wpforms-validate wpforms-form wpforms-ajax-form\" data-formid=\"2391\" method=\"post\" enctype=\"multipart\/form-data\" action=\"\/en\/wp-json\/wp\/v2\/pages\/2455\" data-token=\"fd1eb4d5e9e67864944f6814bf7375c9\" data-token-time=\"1776955517\"><noscript class=\"wpforms-error-noscript\">Please enable JavaScript in your browser to complete this form.<\/noscript><div class=\"wpforms-field-container\"><div id=\"wpforms-2391-field_1-container\" class=\"wpforms-field wpforms-field-name Teie nimi\" data-field-id=\"1\"><label class=\"wpforms-field-label\" for=\"wpforms-2391-field_1\">Teie ees- ja perekonnanimi <span class=\"wpforms-required-label\">*<\/span><\/label><input type=\"text\" id=\"wpforms-2391-field_1\" class=\"wpforms-field-medium wpforms-field-required\" name=\"wpforms[fields][1]\" placeholder=\"Teie ees- ja perekonnanimi\" required><\/div><div id=\"wpforms-2391-field_26-container\" class=\"wpforms-field wpforms-field-text\" data-field-id=\"26\"><label class=\"wpforms-field-label\" for=\"wpforms-2391-field_26\">Teie telefoninumber <span class=\"wpforms-required-label\">*<\/span><\/label><input type=\"text\" id=\"wpforms-2391-field_26\" class=\"wpforms-field-medium wpforms-field-required\" name=\"wpforms[fields][26]\" placeholder=\"Teie telefoninumber\" required><\/div><div id=\"wpforms-2391-field_2-container\" class=\"wpforms-field wpforms-field-email\" data-field-id=\"2\"><label class=\"wpforms-field-label\" for=\"wpforms-2391-field_2\">Teie e-mail <span class=\"wpforms-required-label\">*<\/span><\/label><input type=\"email\" id=\"wpforms-2391-field_2\" class=\"wpforms-field-medium wpforms-field-required\" name=\"wpforms[fields][2]\" placeholder=\"Teie e-mail\" spellcheck=\"false\" required><\/div><div id=\"wpforms-2391-field_18-container\" class=\"wpforms-field wpforms-field-text\" data-field-id=\"18\"><label class=\"wpforms-field-label\" for=\"wpforms-2391-field_18\">S\u00f5idu kuup\u00e4ev ja kellaaeg <span class=\"wpforms-required-label\">*<\/span><\/label><input type=\"text\" id=\"wpforms-2391-field_18\" class=\"wpforms-field-medium wpforms-field-required\" name=\"wpforms[fields][18]\" placeholder=\"Sisestage s\u00f5idu kuup\u00e4ev ja kellaaeg\" required><\/div><div id=\"wpforms-2391-field_21-container\" class=\"wpforms-field wpforms-field-text\" data-field-id=\"21\"><label class=\"wpforms-field-label\" for=\"wpforms-2391-field_21\">Lennu number\/ bussi info\/ rongi info<\/label><input type=\"text\" id=\"wpforms-2391-field_21\" class=\"wpforms-field-medium\" name=\"wpforms[fields][21]\" placeholder=\"Sisestage lennu number\/ bussi info\/ rongi info\" ><\/div><div id=\"wpforms-2391-field_15-container\" class=\"wpforms-field wpforms-field-number\" data-field-id=\"15\"><label class=\"wpforms-field-label\" for=\"wpforms-2391-field_15\">Reisijate arv <span class=\"wpforms-required-label\">*<\/span><\/label><input type=\"number\" id=\"wpforms-2391-field_15\" class=\"wpforms-field-medium wpforms-field-required\" name=\"wpforms[fields][15]\" placeholder=\"Sisestage reisijate arv\" step=\"any\" required><\/div><div id=\"wpforms-2391-field_16-container\" class=\"wpforms-field wpforms-field-text\" data-field-id=\"16\"><label class=\"wpforms-field-label\" for=\"wpforms-2391-field_16\">S\u00f5idu alguspunkt <span class=\"wpforms-required-label\">*<\/span><\/label><input type=\"text\" id=\"wpforms-2391-field_16\" class=\"wpforms-field-medium wpforms-field-required\" name=\"wpforms[fields][16]\" placeholder=\"Sisestage s\u00f5idu alguspunkt\" required><\/div><div id=\"wpforms-2391-field_17-container\" class=\"wpforms-field wpforms-field-text\" data-field-id=\"17\"><label class=\"wpforms-field-label\" for=\"wpforms-2391-field_17\">S\u00f5idu sihtkoht <span class=\"wpforms-required-label\">*<\/span><\/label><input type=\"text\" id=\"wpforms-2391-field_17\" class=\"wpforms-field-medium wpforms-field-required\" name=\"wpforms[fields][17]\" placeholder=\"Sisestage s\u00f5idu sihtkoht\" required><\/div><div id=\"wpforms-2391-field_13-container\" class=\"wpforms-field wpforms-field-select wpforms-field-select-style-classic\" data-field-id=\"13\"><label class=\"wpforms-field-label\" for=\"wpforms-2391-field_13\">S\u00f5iduki t\u00fc\u00fcp <span class=\"wpforms-required-label\">*<\/span><\/label><select id=\"wpforms-2391-field_13\" class=\"wpforms-field-medium wpforms-field-required\" name=\"wpforms[fields][13]\" required=\"required\"><option value=\"\" class=\"placeholder\" disabled  selected='selected'>Valige millist s\u00f5idukit eelistate<\/option><option value=\"Mercedes-Benz E-klass\"  class=\"choice-2 depth-1\"  >Mercedes-Benz E-klass<\/option><option value=\"Mercedes-Benz S-klass\"  class=\"choice-3 depth-1\"  >Mercedes-Benz S-klass<\/option><option value=\"Mercedes-Benz Vito\"  class=\"choice-4 depth-1\"  >Mercedes-Benz Vito<\/option><option value=\"Mercedes-Benz V-klass\"  class=\"choice-5 depth-1\"  >Mercedes-Benz V-klass<\/option><option value=\"Mercedes-Benz Sprinter\"  class=\"choice-6 depth-1\"  >Mercedes-Benz Sprinter<\/option><option value=\"Mercedes-Benz Tourismo\"  class=\"choice-7 depth-1\"  >Mercedes-Benz Tourismo<\/option><\/select><\/div><div id=\"wpforms-2391-field_12-container\" class=\"wpforms-field wpforms-field-select wpforms-field-select-style-classic\" data-field-id=\"12\"><label class=\"wpforms-field-label\" for=\"wpforms-2391-field_12\">Kas on vaja &quot;Meet &amp; Greet&quot;  teenust  (sildiga kliendile vastu)?<\/label><select id=\"wpforms-2391-field_12\" class=\"wpforms-field-medium\" name=\"wpforms[fields][12]\"><option value=\"\" class=\"placeholder\" disabled  selected='selected'>Valige kas Jah v\u00f5i Ei<\/option><option value=\"Jah, on vaja \"  class=\"choice-1 depth-1\"  >Jah, on vaja<\/option><option value=\"Ei ole vaja \"  class=\"choice-2 depth-1\"  >Ei ole vaja<\/option><option value=\"Muu\"  class=\"choice-3 depth-1\"  >Muu<\/option><\/select><\/div><div id=\"wpforms-2391-field_20-container\" class=\"wpforms-field wpforms-field-text\" data-field-id=\"20\"><label class=\"wpforms-field-label\" for=\"wpforms-2391-field_20\">Sildile lisatav nimi<\/label><input type=\"text\" id=\"wpforms-2391-field_20\" class=\"wpforms-field-medium\" name=\"wpforms[fields][20]\" placeholder=\"Kui valisite eelnevalt Jah siis sisestage palun sildile lisatav nimi\" ><\/div><div id=\"wpforms-2391-field_22-container\" class=\"wpforms-field wpforms-field-radio\" data-field-id=\"22\"><label class=\"wpforms-field-label\">Kas on vaja lastele turvavarustust? <\/label><ul id=\"wpforms-2391-field_22\"><li class=\"choice-1 depth-1\"><input type=\"radio\" id=\"wpforms-2391-field_22_1\" name=\"wpforms[fields][22]\" value=\"Turvah\u00e4ll 0-10kg lapsele\"  ><label class=\"wpforms-field-label-inline\" for=\"wpforms-2391-field_22_1\">Turvah\u00e4ll 0-10kg lapsele<\/label><\/li><li class=\"choice-2 depth-1\"><input type=\"radio\" id=\"wpforms-2391-field_22_2\" name=\"wpforms[fields][22]\" value=\"Turvatool 9-36kg lapsele\"  ><label class=\"wpforms-field-label-inline\" for=\"wpforms-2391-field_22_2\">Turvatool 9-36kg lapsele<\/label><\/li><li class=\"choice-3 depth-1\"><input type=\"radio\" id=\"wpforms-2391-field_22_3\" name=\"wpforms[fields][22]\" value=\"Istumisalus\"  ><label class=\"wpforms-field-label-inline\" for=\"wpforms-2391-field_22_3\">Istumisalus<\/label><\/li><li class=\"choice-4 depth-1\"><input type=\"radio\" id=\"wpforms-2391-field_22_4\" name=\"wpforms[fields][22]\" value=\"Ei vaja turvavarustust\"  ><label class=\"wpforms-field-label-inline\" for=\"wpforms-2391-field_22_4\">Ei vaja turvavarustust<\/label><\/li><\/ul><\/div><div id=\"wpforms-2391-field_27-container\" class=\"wpforms-field wpforms-field-select wpforms-field-select-style-classic\" data-field-id=\"27\"><label class=\"wpforms-field-label\" for=\"wpforms-2391-field_27\">Kas on vaja pagasi jaoks haagist?<\/label><select id=\"wpforms-2391-field_27\" class=\"wpforms-field-medium\" name=\"wpforms[fields][27]\"><option value=\"\" class=\"placeholder\" disabled  selected='selected'>Valige, kas on vaja s\u00f5idukile lisaks ka haagist?<\/option><option value=\"Jah, oleks hea\"  class=\"choice-1 depth-1\"  >Jah, oleks hea<\/option><option value=\"Ei ole vaja\"  class=\"choice-2 depth-1\"  >Ei ole vaja<\/option><option value=\"Muu\"  class=\"choice-3 depth-1\"  >Muu<\/option><\/select><\/div><div id=\"wpforms-2391-field_24-container\" class=\"wpforms-field wpforms-field-select wpforms-field-select-style-classic\" data-field-id=\"24\"><label class=\"wpforms-field-label\" for=\"wpforms-2391-field_24\">Tasumise viis<\/label><select id=\"wpforms-2391-field_24\" class=\"wpforms-field-medium\" name=\"wpforms[fields][24]\"><option value=\"\" class=\"placeholder\" disabled  selected='selected'>Valige tasumise viis<\/option><option value=\"Ettemaksu arve\"  class=\"choice-1 depth-1\"  >Ettemaksu arve<\/option><option value=\"Pangakaardiga juhile\"  class=\"choice-2 depth-1\"  >Pangakaardiga juhile<\/option><option value=\"Sularahas juhile\"  class=\"choice-3 depth-1\"  >Sularahas juhile<\/option><\/select><\/div><div id=\"wpforms-2391-field_14-container\" class=\"wpforms-field wpforms-field-select wpforms-field-select-style-classic\" data-field-id=\"14\"><label class=\"wpforms-field-label\" for=\"wpforms-2391-field_14\">Arve saaja<\/label><select id=\"wpforms-2391-field_14\" class=\"wpforms-field-medium\" name=\"wpforms[fields][14]\"><option value=\"\" class=\"placeholder\" disabled  selected='selected'>Valige kes on arve saajaks<\/option><option value=\"Eraisik\"  class=\"choice-1 depth-1\"  >Eraisik<\/option><option value=\"\u00c4ri\u00fching\"  class=\"choice-2 depth-1\"  >\u00c4ri\u00fching<\/option><\/select><\/div><div id=\"wpforms-2391-field_25-container\" class=\"wpforms-field wpforms-field-textarea\" data-field-id=\"25\"><label class=\"wpforms-field-label\" for=\"wpforms-2391-field_25\">Arve saaja andmed<\/label><textarea id=\"wpforms-2391-field_25\" class=\"wpforms-field-medium\" name=\"wpforms[fields][25]\" placeholder=\"Sisestage arve\/kviitungi saaja andmed\" ><\/textarea><\/div><div id=\"wpforms-2391-field_7-container\" class=\"wpforms-field wpforms-field-textarea\" data-field-id=\"7\"><label class=\"wpforms-field-label\" for=\"wpforms-2391-field_7\">Lisainfo<\/label><textarea id=\"wpforms-2391-field_7\" class=\"wpforms-field-medium\" name=\"wpforms[fields][7]\" placeholder=\"Vajadusel sisestage lisainfo\" ><\/textarea><\/div><\/div><!-- .wpforms-field-container --><div class=\"wpforms-submit-container\" ><input type=\"hidden\" name=\"wpforms[id]\" value=\"2391\"><input type=\"hidden\" name=\"page_title\" value=\"\"><input type=\"hidden\" name=\"page_url\" value=\"https:\/\/premiumtaxi.ee\/en\/wp-json\/wp\/v2\/pages\/2455\"><input type=\"hidden\" name=\"url_referer\" value=\"\"><button type=\"submit\" name=\"wpforms[submit]\" id=\"wpforms-submit-2391\" class=\"wpforms-submit\" data-alt-text=\"Saadan...\" data-submit-text=\"Saada\" aria-live=\"assertive\" value=\"wpforms-submit\">Saada<\/button><img decoding=\"async\" src=\"https:\/\/premiumtaxi.ee\/wp-content\/plugins\/wpforms-lite\/assets\/images\/submit-spin.svg\" class=\"wpforms-submit-spinner\" style=\"display: none;\" width=\"26\" height=\"26\" alt=\"Loading\"><\/div><\/form><\/div>  <!-- .wpforms-container -->\t\t\t\t<\/div>\n\t\t\t\t<\/div>\n\t\t\t\t\t<\/div>\n\t\t<\/div>\n\t\t\t\t\t<\/div>\n\t\t<\/section>\n\t\t\t\t\t<\/div>\n\t\t<\/div>\n\t\t\t\t\t<\/div>\n\t\t<\/section>\n\t\t\t\t<section class=\"elementor-section elementor-top-section elementor-element elementor-element-90e60e9 elementor-section-boxed elementor-section-height-default elementor-section-height-default\" data-id=\"90e60e9\" data-element_type=\"section\" data-e-type=\"section\">\n\t\t\t\t\t\t<div class=\"elementor-container elementor-column-gap-default\">\n\t\t\t\t\t<div class=\"elementor-column elementor-col-100 elementor-top-column elementor-element elementor-element-e3aac64\" data-id=\"e3aac64\" data-element_type=\"column\" data-e-type=\"column\">\n\t\t\t<div class=\"elementor-widget-wrap\">\n\t\t\t\t\t\t\t<\/div>\n\t\t<\/div>\n\t\t\t\t\t<\/div>\n\t\t<\/section>\n\t\t\t\t<section class=\"elementor-section elementor-top-section elementor-element elementor-element-6dc8259 elementor-section-boxed elementor-section-height-default elementor-section-height-default\" data-id=\"6dc8259\" data-element_type=\"section\" data-e-type=\"section\">\n\t\t\t\t\t\t<div class=\"elementor-container elementor-column-gap-default\">\n\t\t\t\t\t<div class=\"elementor-column elementor-col-100 elementor-top-column elementor-element elementor-element-6202f2f\" data-id=\"6202f2f\" data-element_type=\"column\" data-e-type=\"column\">\n\t\t\t<div class=\"elementor-widget-wrap elementor-element-populated\">\n\t\t\t\t\t\t<div class=\"elementor-element elementor-element-52242c5 elementor-widget elementor-widget-text-editor\" data-id=\"52242c5\" data-element_type=\"widget\" data-e-type=\"widget\" data-widget_type=\"text-editor.default\">\n\t\t\t\t<div class=\"elementor-widget-container\">\n\t\t\t\t\t\t\t\t\t<p style=\"text-align: center;\"><br><\/p><p style=\"text-align: center;\"><br><\/p>\n<p>NB! V\u00e4ljaspool t\u00f6\u00f6aegasid (9:00-17:00) saadetud kirjadele vastame hiljemalt j\u00e4rgmise t\u00f6\u00f6p\u00e4eva hommikul. Kiirete k\u00fcsimuste korral v\u00f5ite julgesti helistada tel.&nbsp; <a href=\"tel: +372 5385 5766\">+372 5385 5766<\/a><\/p>\t\t\t\t\t\t\t\t<\/div>\n\t\t\t\t<\/div>\n\t\t\t\t\t<\/div>\n\t\t<\/div>\n\t\t\t\t\t<\/div>\n\t\t<\/section>\n\t\t\t\t<section class=\"elementor-section elementor-top-section elementor-element elementor-element-6a51383 elementor-section-boxed elementor-section-height-default elementor-section-height-default\" data-id=\"6a51383\" data-element_type=\"section\" data-e-type=\"section\">\n\t\t\t\t\t\t<div class=\"elementor-container elementor-column-gap-default\">\n\t\t\t\t\t<div class=\"elementor-column elementor-col-100 elementor-top-column elementor-element elementor-element-18d2156\" data-id=\"18d2156\" data-element_type=\"column\" data-e-type=\"column\">\n\t\t\t<div class=\"elementor-widget-wrap\">\n\t\t\t\t\t\t\t<\/div>\n\t\t<\/div>\n\t\t\t\t\t<\/div>\n\t\t<\/section>\n\t\t\t\t<section class=\"elementor-section elementor-top-section elementor-element elementor-element-dc722c4 elementor-section-boxed elementor-section-height-default elementor-section-height-default\" data-id=\"dc722c4\" data-element_type=\"section\" data-e-type=\"section\">\n\t\t\t\t\t\t<div class=\"elementor-container elementor-column-gap-default\">\n\t\t\t\t\t<div class=\"elementor-column elementor-col-33 elementor-top-column elementor-element elementor-element-11424fc\" data-id=\"11424fc\" data-element_type=\"column\" data-e-type=\"column\">\n\t\t\t<div class=\"elementor-widget-wrap\">\n\t\t\t\t\t\t\t<\/div>\n\t\t<\/div>\n\t\t\t\t<div class=\"elementor-column elementor-col-33 elementor-top-column elementor-element elementor-element-23fe13d\" data-id=\"23fe13d\" data-element_type=\"column\" data-e-type=\"column\">\n\t\t\t<div class=\"elementor-widget-wrap\">\n\t\t\t\t\t\t\t<\/div>\n\t\t<\/div>\n\t\t\t\t<div class=\"elementor-column elementor-col-33 elementor-top-column elementor-element elementor-element-4ba5f8f\" data-id=\"4ba5f8f\" data-element_type=\"column\" data-e-type=\"column\">\n\t\t\t<div class=\"elementor-widget-wrap\">\n\t\t\t\t\t\t\t<\/div>\n\t\t<\/div>\n\t\t\t\t\t<\/div>\n\t\t<\/section>\n\t\t\t\t<section class=\"elementor-section elementor-top-section elementor-element elementor-element-c52fcf5 elementor-section-boxed elementor-section-height-default elementor-section-height-default\" data-id=\"c52fcf5\" data-element_type=\"section\" data-e-type=\"section\">\n\t\t\t\t\t\t<div class=\"elementor-container elementor-column-gap-default\">\n\t\t\t\t\t<div class=\"elementor-column elementor-col-100 elementor-top-column elementor-element elementor-element-7c7693e\" data-id=\"7c7693e\" data-element_type=\"column\" data-e-type=\"column\">\n\t\t\t<div class=\"elementor-widget-wrap\">\n\t\t\t\t\t\t\t<\/div>\n\t\t<\/div>\n\t\t\t\t\t<\/div>\n\t\t<\/section>\n\t\t\t\t<\/div>\n\t\t","protected":false},"excerpt":{"rendered":"<p>Lennujaama transfeerteenuse tellimus Transfeerteenuse tellimiseks palume t\u00e4ita all olevad v\u00e4ljad. Kui oleme Teie tellimuse k\u00e4tte saanud saadame Teile esmalt hinnapakkumise ning seej\u00e4rel saate pakkumise juba kinnitada. NB! V\u00e4ljaspool t\u00f6\u00f6aegasid (9:00-17:00) saadetud kirjadele vastame hiljemalt j\u00e4rgmise t\u00f6\u00f6p\u00e4eva hommikul. Kiirete k\u00fcsimuste korral v\u00f5ite julgesti helistada tel.&nbsp; +372 5385 5766<\/p>","protected":false},"author":1,"featured_media":0,"parent":0,"menu_order":2,"comment_status":"closed","ping_status":"closed","template":"","meta":{"site-sidebar-layout":"no-sidebar","site-content-layout":"page-builder","ast-global-header-display":"","ast-main-header-display":"","ast-hfb-above-header-display":"","ast-hfb-below-header-display":"","ast-hfb-mobile-header-display":"","site-post-title":"disabled","ast-breadcrumbs-content":"disabled","ast-featured-img":"disabled","footer-sml-layout":"","theme-transparent-header-meta":"enabled","adv-header-id-meta":"","stick-header-meta":"","header-above-stick-meta":"","header-main-stick-meta":"","header-below-stick-meta":"","footnotes":""},"class_list":["post-2455","page","type-page","status-publish","hentry"],"_links":{"self":[{"href":"https:\/\/premiumtaxi.ee\/en\/wp-json\/wp\/v2\/pages\/2455","targetHints":{"allow":["GET"]}}],"collection":[{"href":"https:\/\/premiumtaxi.ee\/en\/wp-json\/wp\/v2\/pages"}],"about":[{"href":"https:\/\/premiumtaxi.ee\/en\/wp-json\/wp\/v2\/types\/page"}],"author":[{"embeddable":true,"href":"https:\/\/premiumtaxi.ee\/en\/wp-json\/wp\/v2\/users\/1"}],"replies":[{"embeddable":true,"href":"https:\/\/premiumtaxi.ee\/en\/wp-json\/wp\/v2\/comments?post=2455"}],"version-history":[{"count":8,"href":"https:\/\/premiumtaxi.ee\/en\/wp-json\/wp\/v2\/pages\/2455\/revisions"}],"predecessor-version":[{"id":2491,"href":"https:\/\/premiumtaxi.ee\/en\/wp-json\/wp\/v2\/pages\/2455\/revisions\/2491"}],"wp:attachment":[{"href":"https:\/\/premiumtaxi.ee\/en\/wp-json\/wp\/v2\/media?parent=2455"}],"curies":[{"name":"wp","href":"https:\/\/api.w.org\/{rel}","templated":true}]}}