{"id":2116,"date":"2022-04-07T22:20:33","date_gmt":"2022-04-07T19:20:33","guid":{"rendered":"https:\/\/premiumtaxi.ee\/?page_id=2116"},"modified":"2022-04-09T03:40:46","modified_gmt":"2022-04-09T00:40:46","slug":"soidud-lastega","status":"publish","type":"page","link":"https:\/\/premiumtaxi.ee\/en\/teenused\/soidud-lastega\/","title":{"rendered":"Rides with children"},"content":{"rendered":"<div data-elementor-type=\"wp-page\" data-elementor-id=\"2116\" class=\"elementor elementor-2116\">\n\t\t\t\t\t\t<section class=\"elementor-section elementor-top-section elementor-element elementor-element-82ecb75 elementor-section-height-min-height elementor-section-boxed elementor-section-height-default elementor-section-items-middle\" data-id=\"82ecb75\" data-element_type=\"section\" data-e-type=\"section\" data-settings=\"{&quot;background_background&quot;:&quot;classic&quot;}\">\n\t\t\t\t\t\t\t<div class=\"elementor-background-overlay\"><\/div>\n\t\t\t\t\t\t\t<div class=\"elementor-container elementor-column-gap-no\">\n\t\t\t\t\t<div class=\"elementor-column elementor-col-100 elementor-top-column elementor-element elementor-element-6e02e2a\" data-id=\"6e02e2a\" data-element_type=\"column\" data-e-type=\"column\">\n\t\t\t<div class=\"elementor-widget-wrap elementor-element-populated\">\n\t\t\t\t\t\t<section class=\"elementor-section elementor-inner-section elementor-element elementor-element-171dc9f elementor-section-boxed elementor-section-height-default elementor-section-height-default\" data-id=\"171dc9f\" data-element_type=\"section\" data-e-type=\"section\">\n\t\t\t\t\t\t<div class=\"elementor-container elementor-column-gap-no\">\n\t\t\t\t\t<div class=\"elementor-column elementor-col-100 elementor-inner-column elementor-element elementor-element-e5fb0b3\" data-id=\"e5fb0b3\" data-element_type=\"column\" data-e-type=\"column\">\n\t\t\t<div class=\"elementor-widget-wrap elementor-element-populated\">\n\t\t\t\t\t\t<div class=\"elementor-element elementor-element-43e38d6 elementor-widget elementor-widget-heading\" data-id=\"43e38d6\" data-element_type=\"widget\" data-e-type=\"widget\" data-widget_type=\"heading.default\">\n\t\t\t\t<div class=\"elementor-widget-container\">\n\t\t\t\t\t<h1 class=\"elementor-heading-title elementor-size-default\">Rides with children<\/h1>\t\t\t\t<\/div>\n\t\t\t\t<\/div>\n\t\t\t\t\t<\/div>\n\t\t<\/div>\n\t\t\t\t\t<\/div>\n\t\t<\/section>\n\t\t\t\t<section class=\"elementor-section elementor-inner-section elementor-element elementor-element-3e1b9f3 elementor-section-boxed elementor-section-height-default elementor-section-height-default\" data-id=\"3e1b9f3\" data-element_type=\"section\" data-e-type=\"section\">\n\t\t\t\t\t\t<div class=\"elementor-container elementor-column-gap-no\">\n\t\t\t\t\t<div class=\"elementor-column elementor-col-100 elementor-inner-column elementor-element elementor-element-a5178bb\" data-id=\"a5178bb\" data-element_type=\"column\" data-e-type=\"column\">\n\t\t\t<div class=\"elementor-widget-wrap elementor-element-populated\">\n\t\t\t\t\t\t\t<\/div>\n\t\t<\/div>\n\t\t\t\t\t<\/div>\n\t\t<\/section>\n\t\t\t\t\t<\/div>\n\t\t<\/div>\n\t\t\t\t\t<\/div>\n\t\t<\/section>\n\t\t\t\t<section class=\"elementor-section elementor-top-section elementor-element elementor-element-e5c9a42 elementor-section-boxed elementor-section-height-default elementor-section-height-default\" data-id=\"e5c9a42\" data-element_type=\"section\" data-e-type=\"section\" data-settings=\"{&quot;background_background&quot;:&quot;classic&quot;}\">\n\t\t\t\t\t\t\t<div class=\"elementor-background-overlay\"><\/div>\n\t\t\t\t\t\t\t<div class=\"elementor-container elementor-column-gap-no\">\n\t\t\t\t\t<div class=\"elementor-column elementor-col-100 elementor-top-column elementor-element elementor-element-763b07f\" data-id=\"763b07f\" data-element_type=\"column\" data-e-type=\"column\">\n\t\t\t<div class=\"elementor-widget-wrap elementor-element-populated\">\n\t\t\t\t\t\t<section class=\"elementor-section elementor-inner-section elementor-element elementor-element-de81569 elementor-section-boxed elementor-section-height-default elementor-section-height-default\" data-id=\"de81569\" data-element_type=\"section\" data-e-type=\"section\">\n\t\t\t\t\t\t<div class=\"elementor-container elementor-column-gap-no\">\n\t\t\t\t\t<div class=\"elementor-column elementor-col-100 elementor-inner-column elementor-element elementor-element-acddec0\" data-id=\"acddec0\" data-element_type=\"column\" data-e-type=\"column\">\n\t\t\t<div class=\"elementor-widget-wrap elementor-element-populated\">\n\t\t\t\t\t\t<div class=\"elementor-element elementor-element-8f4bc8c elementor-widget elementor-widget-heading\" data-id=\"8f4bc8c\" data-element_type=\"widget\" data-e-type=\"widget\" data-widget_type=\"heading.default\">\n\t\t\t\t<div class=\"elementor-widget-container\">\n\t\t\t\t\t<h2 class=\"elementor-heading-title elementor-size-default\">Safety first! <\/h2>\t\t\t\t<\/div>\n\t\t\t\t<\/div>\n\t\t\t\t\t<\/div>\n\t\t<\/div>\n\t\t\t\t\t<\/div>\n\t\t<\/section>\n\t\t\t\t<section class=\"elementor-section elementor-inner-section elementor-element elementor-element-6404d55 elementor-section-boxed elementor-section-height-default elementor-section-height-default\" data-id=\"6404d55\" data-element_type=\"section\" data-e-type=\"section\">\n\t\t\t\t\t\t<div class=\"elementor-container elementor-column-gap-no\">\n\t\t\t\t\t<div class=\"elementor-column elementor-col-33 elementor-inner-column elementor-element elementor-element-1cae91e\" data-id=\"1cae91e\" data-element_type=\"column\" data-e-type=\"column\">\n\t\t\t<div class=\"elementor-widget-wrap elementor-element-populated\">\n\t\t\t\t\t\t<div class=\"elementor-element elementor-element-a34c5db elementor-widget-divider--view-line elementor-widget elementor-widget-divider\" data-id=\"a34c5db\" data-element_type=\"widget\" data-e-type=\"widget\" data-widget_type=\"divider.default\">\n\t\t\t\t<div class=\"elementor-widget-container\">\n\t\t\t\t\t\t\t<div class=\"elementor-divider\">\n\t\t\t<span class=\"elementor-divider-separator\">\n\t\t\t\t\t\t<\/span>\n\t\t<\/div>\n\t\t\t\t\t\t<\/div>\n\t\t\t\t<\/div>\n\t\t\t\t<div class=\"elementor-element elementor-element-1b0a6d3 elementor-widget elementor-widget-image\" data-id=\"1b0a6d3\" data-element_type=\"widget\" data-e-type=\"widget\" data-widget_type=\"image.default\">\n\t\t\t\t<div class=\"elementor-widget-container\">\n\t\t\t\t\t\t\t\t\t\t\t\t\t\t\t<img fetchpriority=\"high\" decoding=\"async\" width=\"1024\" height=\"684\" src=\"https:\/\/premiumtaxi.ee\/wp-content\/uploads\/2022\/04\/Turvatooliga-lapsed-2-1024x684.jpg\" class=\"attachment-large size-large wp-image-2271\" alt=\"\" srcset=\"https:\/\/premiumtaxi.ee\/wp-content\/uploads\/2022\/04\/Turvatooliga-lapsed-2-1024x684.jpg 1024w, https:\/\/premiumtaxi.ee\/wp-content\/uploads\/2022\/04\/Turvatooliga-lapsed-2-300x200.jpg 300w, https:\/\/premiumtaxi.ee\/wp-content\/uploads\/2022\/04\/Turvatooliga-lapsed-2-768x513.jpg 768w, https:\/\/premiumtaxi.ee\/wp-content\/uploads\/2022\/04\/Turvatooliga-lapsed-2-1536x1026.jpg 1536w, https:\/\/premiumtaxi.ee\/wp-content\/uploads\/2022\/04\/Turvatooliga-lapsed-2-2048x1368.jpg 2048w\" sizes=\"(max-width: 1024px) 100vw, 1024px\" \/>\t\t\t\t\t\t\t\t\t\t\t\t\t\t\t<\/div>\n\t\t\t\t<\/div>\n\t\t\t\t<div class=\"elementor-element elementor-element-1984e8f elementor-align-center elementor-widget elementor-widget-button\" data-id=\"1984e8f\" data-element_type=\"widget\" data-e-type=\"widget\" data-widget_type=\"button.default\">\n\t\t\t\t<div class=\"elementor-widget-container\">\n\t\t\t\t\t\t\t\t\t<div class=\"elementor-button-wrapper\">\n\t\t\t\t\t<a class=\"elementor-button elementor-button-link elementor-size-sm\" href=\"https:\/\/premiumtaxi.ee\/en\/kirjutage-meile\/\" target=\"_blank\">\n\t\t\t\t\t\t<span class=\"elementor-button-content-wrapper\">\n\t\t\t\t\t\t\t\t\t<span class=\"elementor-button-text\">Send inquiry<\/span>\n\t\t\t\t\t<\/span>\n\t\t\t\t\t<\/a>\n\t\t\t\t<\/div>\n\t\t\t\t\t\t\t\t<\/div>\n\t\t\t\t<\/div>\n\t\t\t\t\t<\/div>\n\t\t<\/div>\n\t\t\t\t<div class=\"elementor-column elementor-col-66 elementor-inner-column elementor-element elementor-element-ef8a16a\" data-id=\"ef8a16a\" data-element_type=\"column\" data-e-type=\"column\">\n\t\t\t<div class=\"elementor-widget-wrap elementor-element-populated\">\n\t\t\t\t\t\t<div class=\"elementor-element elementor-element-12ad485 elementor-widget-divider--view-line elementor-widget elementor-widget-divider\" data-id=\"12ad485\" data-element_type=\"widget\" data-e-type=\"widget\" data-widget_type=\"divider.default\">\n\t\t\t\t<div class=\"elementor-widget-container\">\n\t\t\t\t\t\t\t<div class=\"elementor-divider\">\n\t\t\t<span class=\"elementor-divider-separator\">\n\t\t\t\t\t\t<\/span>\n\t\t<\/div>\n\t\t\t\t\t\t<\/div>\n\t\t\t\t<\/div>\n\t\t\t\t<div class=\"elementor-element elementor-element-d90ad44 elementor-widget elementor-widget-heading\" data-id=\"d90ad44\" data-element_type=\"widget\" data-e-type=\"widget\" data-widget_type=\"heading.default\">\n\t\t\t\t<div class=\"elementor-widget-container\">\n\t\t\t\t\t<h3 class=\"elementor-heading-title elementor-size-default\">Rides with children<\/h3>\t\t\t\t<\/div>\n\t\t\t\t<\/div>\n\t\t\t\t<div class=\"elementor-element elementor-element-77e5477 elementor-widget elementor-widget-text-editor\" data-id=\"77e5477\" data-element_type=\"widget\" data-e-type=\"widget\" data-widget_type=\"text-editor.default\">\n\t\t\t\t<div class=\"elementor-widget-container\">\n\t\t\t\t\t\t\t\t\t<p>Have You taken Your baby with You?  We will put right size child safety equipment in the car.  That service need to be pre-ordered. Safety first!\u00a0<\/p><p><strong><span style=\"color: #f9c349;\">We offer:<\/span><\/strong><\/p><ul><li>Safety cradles for weight 0-10 kg.<\/li><li>Safety seats for weight 9-36 kg.<\/li><li>Seating pads.<\/li><\/ul><div><strong><span style=\"color: #f9c349;\">Price: <\/span><\/strong><\/div><ul><li>For the safety seat will be added <strong>+ 7.00 \u20ac<\/strong> to Your transfer<\/li><\/ul><h4><span style=\"color: #f9c349;\"><strong>The service requires ordering at least 24 hours in advance so that we can equip the desired car with the chair.\u00a0<\/strong><\/span><\/h4><p>Additionally:<\/p><ul><li>There are Wi-Fi and the possibility to charge Your phone in all of our cars.<\/li><li>You can choose the desired car from our <a href=\"https:\/\/premiumtaxi.ee\/en\/autopark\/\" target=\"_blank\" rel=\"noopener\">fleet<\/a>. All cars are without taxi signs.\u00a0<\/li><\/ul>\t\t\t\t\t\t\t\t<\/div>\n\t\t\t\t<\/div>\n\t\t\t\t\t<\/div>\n\t\t<\/div>\n\t\t\t\t\t<\/div>\n\t\t<\/section>\n\t\t\t\t<section class=\"elementor-section elementor-inner-section elementor-element elementor-element-b62bcb5 elementor-section-boxed elementor-section-height-default elementor-section-height-default\" data-id=\"b62bcb5\" data-element_type=\"section\" data-e-type=\"section\">\n\t\t\t\t\t\t<div class=\"elementor-container elementor-column-gap-default\">\n\t\t\t\t\t<div class=\"elementor-column elementor-col-33 elementor-inner-column elementor-element elementor-element-8a1937e\" data-id=\"8a1937e\" data-element_type=\"column\" data-e-type=\"column\">\n\t\t\t<div class=\"elementor-widget-wrap elementor-element-populated\">\n\t\t\t\t\t\t<div class=\"elementor-element elementor-element-b7f57af elementor-widget elementor-widget-image\" data-id=\"b7f57af\" data-element_type=\"widget\" data-e-type=\"widget\" data-widget_type=\"image.default\">\n\t\t\t\t<div class=\"elementor-widget-container\">\n\t\t\t\t\t\t\t\t\t\t\t\t\t\t\t<img decoding=\"async\" width=\"284\" height=\"300\" src=\"https:\/\/premiumtaxi.ee\/wp-content\/uploads\/2022\/04\/Turvahall_2-removebg-preview-1-284x300.png\" class=\"attachment-medium size-medium wp-image-2288\" alt=\"\" srcset=\"https:\/\/premiumtaxi.ee\/wp-content\/uploads\/2022\/04\/Turvahall_2-removebg-preview-1-284x300.png 284w, https:\/\/premiumtaxi.ee\/wp-content\/uploads\/2022\/04\/Turvahall_2-removebg-preview-1.png 486w\" sizes=\"(max-width: 284px) 100vw, 284px\" \/>\t\t\t\t\t\t\t\t\t\t\t\t\t\t\t<\/div>\n\t\t\t\t<\/div>\n\t\t\t\t\t<\/div>\n\t\t<\/div>\n\t\t\t\t<div class=\"elementor-column elementor-col-33 elementor-inner-column elementor-element elementor-element-63e435d\" data-id=\"63e435d\" data-element_type=\"column\" data-e-type=\"column\">\n\t\t\t<div class=\"elementor-widget-wrap elementor-element-populated\">\n\t\t\t\t\t\t<div class=\"elementor-element elementor-element-e0a11f5 elementor-widget elementor-widget-image\" data-id=\"e0a11f5\" data-element_type=\"widget\" data-e-type=\"widget\" data-widget_type=\"image.default\">\n\t\t\t\t<div class=\"elementor-widget-container\">\n\t\t\t\t\t\t\t\t\t\t\t\t\t\t\t<img decoding=\"async\" width=\"259\" height=\"300\" src=\"https:\/\/premiumtaxi.ee\/wp-content\/uploads\/2022\/04\/Turvatool_9-36kg_-_Copy-removebg-preview-259x300.png\" class=\"attachment-medium size-medium wp-image-2277\" alt=\"\" srcset=\"https:\/\/premiumtaxi.ee\/wp-content\/uploads\/2022\/04\/Turvatool_9-36kg_-_Copy-removebg-preview-259x300.png 259w, https:\/\/premiumtaxi.ee\/wp-content\/uploads\/2022\/04\/Turvatool_9-36kg_-_Copy-removebg-preview.png 464w\" sizes=\"(max-width: 259px) 100vw, 259px\" \/>\t\t\t\t\t\t\t\t\t\t\t\t\t\t\t<\/div>\n\t\t\t\t<\/div>\n\t\t\t\t\t<\/div>\n\t\t<\/div>\n\t\t\t\t<div class=\"elementor-column elementor-col-33 elementor-inner-column elementor-element elementor-element-8accd76\" data-id=\"8accd76\" data-element_type=\"column\" data-e-type=\"column\">\n\t\t\t<div class=\"elementor-widget-wrap elementor-element-populated\">\n\t\t\t\t\t\t<div class=\"elementor-element elementor-element-d51033e elementor-widget elementor-widget-image\" data-id=\"d51033e\" data-element_type=\"widget\" data-e-type=\"widget\" data-widget_type=\"image.default\">\n\t\t\t\t<div class=\"elementor-widget-container\">\n\t\t\t\t\t\t\t\t\t\t\t\t\t\t\t<img loading=\"lazy\" decoding=\"async\" width=\"300\" height=\"300\" src=\"https:\/\/premiumtaxi.ee\/wp-content\/uploads\/2022\/04\/istumisalus-removebg-preview-300x300.png\" class=\"attachment-medium size-medium wp-image-2284\" alt=\"\" srcset=\"https:\/\/premiumtaxi.ee\/wp-content\/uploads\/2022\/04\/istumisalus-removebg-preview-300x300.png 300w, https:\/\/premiumtaxi.ee\/wp-content\/uploads\/2022\/04\/istumisalus-removebg-preview-150x150.png 150w, https:\/\/premiumtaxi.ee\/wp-content\/uploads\/2022\/04\/istumisalus-removebg-preview.png 500w\" sizes=\"(max-width: 300px) 100vw, 300px\" \/>\t\t\t\t\t\t\t\t\t\t\t\t\t\t\t<\/div>\n\t\t\t\t<\/div>\n\t\t\t\t\t<\/div>\n\t\t<\/div>\n\t\t\t\t\t<\/div>\n\t\t<\/section>\n\t\t\t\t<div class=\"elementor-element elementor-element-555f783 elementor-widget elementor-widget-text-editor\" data-id=\"555f783\" data-element_type=\"widget\" data-e-type=\"widget\" data-widget_type=\"text-editor.default\">\n\t\t\t\t<div class=\"elementor-widget-container\">\n\t\t\t\t\t\t\t\t\t<p style=\"text-align: center;\">NB! One of the possible models shown in the pictures.\u00a0<\/p>\t\t\t\t\t\t\t\t<\/div>\n\t\t\t\t<\/div>\n\t\t\t\t\t<\/div>\n\t\t<\/div>\n\t\t\t\t\t<\/div>\n\t\t<\/section>\n\t\t\t\t<section class=\"elementor-section elementor-top-section elementor-element elementor-element-7f656c4 elementor-section-boxed elementor-section-height-default elementor-section-height-default\" data-id=\"7f656c4\" data-element_type=\"section\" data-e-type=\"section\" data-settings=\"{&quot;background_background&quot;:&quot;classic&quot;}\">\n\t\t\t\t\t\t\t<div class=\"elementor-background-overlay\"><\/div>\n\t\t\t\t\t\t\t<div class=\"elementor-container elementor-column-gap-no\">\n\t\t\t\t\t<div class=\"elementor-column elementor-col-100 elementor-top-column elementor-element elementor-element-8b4fdbc\" data-id=\"8b4fdbc\" data-element_type=\"column\" data-e-type=\"column\">\n\t\t\t<div class=\"elementor-widget-wrap elementor-element-populated\">\n\t\t\t\t\t\t<section class=\"elementor-section elementor-inner-section elementor-element elementor-element-34df118 elementor-section-boxed elementor-section-height-default elementor-section-height-default\" data-id=\"34df118\" data-element_type=\"section\" data-e-type=\"section\">\n\t\t\t\t\t\t<div class=\"elementor-container elementor-column-gap-no\">\n\t\t\t\t\t<div class=\"elementor-column elementor-col-100 elementor-inner-column elementor-element elementor-element-a335003\" data-id=\"a335003\" data-element_type=\"column\" data-e-type=\"column\">\n\t\t\t<div class=\"elementor-widget-wrap elementor-element-populated\">\n\t\t\t\t\t\t<div class=\"elementor-element elementor-element-cbe06ab elementor-widget elementor-widget-heading\" data-id=\"cbe06ab\" data-element_type=\"widget\" data-e-type=\"widget\" data-widget_type=\"heading.default\">\n\t\t\t\t<div class=\"elementor-widget-container\">\n\t\t\t\t\t<h2 class=\"elementor-heading-title elementor-size-default\">We will take You anywhere You can imagine!<\/h2>\t\t\t\t<\/div>\n\t\t\t\t<\/div>\n\t\t\t\t<div class=\"elementor-element elementor-element-399c00a elementor-widget elementor-widget-heading\" data-id=\"399c00a\" data-element_type=\"widget\" data-e-type=\"widget\" data-widget_type=\"heading.default\">\n\t\t\t\t<div class=\"elementor-widget-container\">\n\t\t\t\t\t<h3 class=\"elementor-heading-title elementor-size-default\">Not only transfers, parties, weddings and\nbirthdays - but wherever you want.<\/h3>\t\t\t\t<\/div>\n\t\t\t\t<\/div>\n\t\t\t\t\t<\/div>\n\t\t<\/div>\n\t\t\t\t\t<\/div>\n\t\t<\/section>\n\t\t\t\t<section class=\"elementor-section elementor-inner-section elementor-element elementor-element-634f372 elementor-section-boxed elementor-section-height-default elementor-section-height-default\" data-id=\"634f372\" data-element_type=\"section\" data-e-type=\"section\">\n\t\t\t\t\t\t<div class=\"elementor-container elementor-column-gap-no\">\n\t\t\t\t\t<div class=\"elementor-column elementor-col-50 elementor-inner-column elementor-element elementor-element-5ce23a0\" data-id=\"5ce23a0\" data-element_type=\"column\" data-e-type=\"column\">\n\t\t\t<div class=\"elementor-widget-wrap elementor-element-populated\">\n\t\t\t\t\t\t<div class=\"elementor-element elementor-element-64aceab elementor-mobile-align-center elementor-widget elementor-widget-button\" data-id=\"64aceab\" data-element_type=\"widget\" data-e-type=\"widget\" data-widget_type=\"button.default\">\n\t\t\t\t<div class=\"elementor-widget-container\">\n\t\t\t\t\t\t\t\t\t<div class=\"elementor-button-wrapper\">\n\t\t\t\t\t<a class=\"elementor-button elementor-button-link elementor-size-sm\" href=\"https:\/\/premiumtaxi.ee\/en\/kirjutage-meile\/\" target=\"_blank\">\n\t\t\t\t\t\t<span class=\"elementor-button-content-wrapper\">\n\t\t\t\t\t\t\t\t\t<span class=\"elementor-button-text\">Send inquiry<\/span>\n\t\t\t\t\t<\/span>\n\t\t\t\t\t<\/a>\n\t\t\t\t<\/div>\n\t\t\t\t\t\t\t\t<\/div>\n\t\t\t\t<\/div>\n\t\t\t\t\t<\/div>\n\t\t<\/div>\n\t\t\t\t<div class=\"elementor-column elementor-col-50 elementor-inner-column elementor-element elementor-element-069ea87\" data-id=\"069ea87\" data-element_type=\"column\" data-e-type=\"column\">\n\t\t\t<div class=\"elementor-widget-wrap elementor-element-populated\">\n\t\t\t\t\t\t<div class=\"elementor-element elementor-element-3bc48eb elementor-widget elementor-widget-heading\" data-id=\"3bc48eb\" data-element_type=\"widget\" data-e-type=\"widget\" data-widget_type=\"heading.default\">\n\t\t\t\t<div class=\"elementor-widget-container\">\n\t\t\t\t\t<h6 class=\"elementor-heading-title elementor-size-default\">Call us<\/h6>\t\t\t\t<\/div>\n\t\t\t\t<\/div>\n\t\t\t\t<div class=\"elementor-element elementor-element-981e6b4 elementor-widget elementor-widget-heading\" data-id=\"981e6b4\" data-element_type=\"widget\" data-e-type=\"widget\" data-widget_type=\"heading.default\">\n\t\t\t\t<div class=\"elementor-widget-container\">\n\t\t\t\t\t<h3 class=\"elementor-heading-title elementor-size-default\"><a href=\"tel:+372%205385%205766\">+372 5385 5766<\/a><\/h3>\t\t\t\t<\/div>\n\t\t\t\t<\/div>\n\t\t\t\t\t<\/div>\n\t\t<\/div>\n\t\t\t\t\t<\/div>\n\t\t<\/section>\n\t\t\t\t\t<\/div>\n\t\t<\/div>\n\t\t\t\t\t<\/div>\n\t\t<\/section>\n\t\t\t\t<\/div>","protected":false},"excerpt":{"rendered":"<p>S\u00f5idud lastega Turvalisus ennek\u00f5ige! Saada p\u00e4ring S\u00f5idud lastega On Teil kaasas beebi v\u00f5i v\u00e4ikelaps? Peame laste turvalisust v\u00e4ga oluliseks ning varustame autod just Teie lapsele sobiva turvah\u00e4lli, -tooli v\u00f5i istumisalusega. Turvalisus ikka ennek\u00f5ige!\u00a0 Saadaval on: Turvah\u00e4llid kaalule 0-10kg. Turvatoolid kaalule 9-36kg. Istumisalused. Hind: Turvah\u00e4lli, -tooli v\u00f5i istumisaluse soovi korral lisandub + 7.00 \u20ac transfeeri hinnale. &hellip;<\/p>\n<p class=\"read-more\"> <a class=\"\" href=\"https:\/\/premiumtaxi.ee\/en\/teenused\/soidud-lastega\/\"> <span class=\"screen-reader-text\">Rides with children<\/span> Read More &raquo;<\/a><\/p>","protected":false},"author":1,"featured_media":0,"parent":576,"menu_order":4,"comment_status":"closed","ping_status":"closed","template":"","meta":{"site-sidebar-layout":"no-sidebar","site-content-layout":"page-builder","ast-global-header-display":"","ast-main-header-display":"","ast-hfb-above-header-display":"","ast-hfb-below-header-display":"","ast-hfb-mobile-header-display":"","site-post-title":"disabled","ast-breadcrumbs-content":"disabled","ast-featured-img":"disabled","footer-sml-layout":"","theme-transparent-header-meta":"enabled","adv-header-id-meta":"","stick-header-meta":"","header-above-stick-meta":"","header-main-stick-meta":"","header-below-stick-meta":"","footnotes":""},"class_list":["post-2116","page","type-page","status-publish","hentry"],"_links":{"self":[{"href":"https:\/\/premiumtaxi.ee\/en\/wp-json\/wp\/v2\/pages\/2116","targetHints":{"allow":["GET"]}}],"collection":[{"href":"https:\/\/premiumtaxi.ee\/en\/wp-json\/wp\/v2\/pages"}],"about":[{"href":"https:\/\/premiumtaxi.ee\/en\/wp-json\/wp\/v2\/types\/page"}],"author":[{"embeddable":true,"href":"https:\/\/premiumtaxi.ee\/en\/wp-json\/wp\/v2\/users\/1"}],"replies":[{"embeddable":true,"href":"https:\/\/premiumtaxi.ee\/en\/wp-json\/wp\/v2\/comments?post=2116"}],"version-history":[{"count":33,"href":"https:\/\/premiumtaxi.ee\/en\/wp-json\/wp\/v2\/pages\/2116\/revisions"}],"predecessor-version":[{"id":2330,"href":"https:\/\/premiumtaxi.ee\/en\/wp-json\/wp\/v2\/pages\/2116\/revisions\/2330"}],"up":[{"embeddable":true,"href":"https:\/\/premiumtaxi.ee\/en\/wp-json\/wp\/v2\/pages\/576"}],"wp:attachment":[{"href":"https:\/\/premiumtaxi.ee\/en\/wp-json\/wp\/v2\/media?parent=2116"}],"curies":[{"name":"wp","href":"https:\/\/api.w.org\/{rel}","templated":true}]}}